{"id":929,"date":"2025-03-10T22:27:48","date_gmt":"2025-03-10T22:27:48","guid":{"rendered":"https:\/\/www.gonzalezbueno.com\/?page_id=929"},"modified":"2025-03-10T22:27:48","modified_gmt":"2025-03-10T22:27:48","slug":"propriedade-intelectual","status":"publish","type":"page","link":"https:\/\/www.gonzalezbueno.com\/?page_id=929","title":{"rendered":"Propriedade Intelectual"},"content":{"rendered":"\n<figure class=\"wp-block-image alignfull size-full\"><img loading=\"lazy\" decoding=\"async\" width=\"977\" height=\"215\" src=\"https:\/\/www.gonzalezbueno.com\/wp-content\/uploads\/2021\/12\/propiedad-intelectual.jpeg\" alt=\"\" class=\"wp-image-120\" srcset=\"https:\/\/www.gonzalezbueno.com\/wp-content\/uploads\/2021\/12\/propiedad-intelectual.jpeg 977w, https:\/\/www.gonzalezbueno.com\/wp-content\/uploads\/2021\/12\/propiedad-intelectual-300x66.jpeg 300w, https:\/\/www.gonzalezbueno.com\/wp-content\/uploads\/2021\/12\/propiedad-intelectual-768x169.jpeg 768w, https:\/\/www.gonzalezbueno.com\/wp-content\/uploads\/2021\/12\/propiedad-intelectual-700x154.jpeg 700w, https:\/\/www.gonzalezbueno.com\/wp-content\/uploads\/2021\/12\/propiedad-intelectual-520x114.jpeg 520w, https:\/\/www.gonzalezbueno.com\/wp-content\/uploads\/2021\/12\/propiedad-intelectual-360x79.jpeg 360w, https:\/\/www.gonzalezbueno.com\/wp-content\/uploads\/2021\/12\/propiedad-intelectual-250x55.jpeg 250w, https:\/\/www.gonzalezbueno.com\/wp-content\/uploads\/2021\/12\/propiedad-intelectual-100x22.jpeg 100w\" sizes=\"auto, (max-width: 977px) 100vw, 977px\" \/><\/figure>\n\n\n\n<p align=\"justify\">O escrit\u00f3rio conta com uma equipa de especialistas altamente capacitados para oferecer uma ampla gama de servi\u00e7os no campo da Propriedade Intelectual, tanto no plano contratual como no contencioso.<\/p>\n\n\n\n<p align=\"justify\">O grupo de profissionais teve a oportunidade de assessorar tanto particulares como empresas nacionais e internacionais, incluindo produtoras de r\u00e1dio e televis\u00e3o, editoras, ag\u00eancias de publicidade e empresas de produ\u00e7\u00e3o de espet\u00e1culos, sempre zelando pela melhor prote\u00e7\u00e3o dos seus direitos.<\/p>\n\n\n\n<p align=\"justify\">A pr\u00e1tica contenciosa evidencia a estreita rela\u00e7\u00e3o entre os direitos de propriedade intelectual, propriedade industrial e as normas de concorr\u00eancia desleal. O facto de o escrit\u00f3rio ser especializado nestas tr\u00eas \u00e1reas do Direito permite-nos ter uma vis\u00e3o global das problem\u00e1ticas e oferecer aos nossos clientes uma assessoria integral.<\/p>\n\n","protected":false},"excerpt":{"rendered":"<p>O escrit\u00f3rio conta com uma equipa de especialistas altamente capacitados para oferecer uma ampla gama de servi\u00e7os no campo da Propriedade Intelectual, tanto no plano contratual como no contencioso. O grupo de profissionais teve a oportunidade de assessorar tanto particulares [&hellip;]<\/p>\n","protected":false},"author":1,"featured_media":0,"parent":0,"menu_order":0,"comment_status":"closed","ping_status":"closed","template":"page-templates\/page_fullwidth.php","meta":{"footnotes":""},"class_list":["post-929","page","type-page","status-publish","hentry","clearfix"],"_links":{"self":[{"href":"https:\/\/www.gonzalezbueno.com\/index.php?rest_route=\/wp\/v2\/pages\/929","targetHints":{"allow":["GET"]}}],"collection":[{"href":"https:\/\/www.gonzalezbueno.com\/index.php?rest_route=\/wp\/v2\/pages"}],"about":[{"href":"https:\/\/www.gonzalezbueno.com\/index.php?rest_route=\/wp\/v2\/types\/page"}],"author":[{"embeddable":true,"href":"https:\/\/www.gonzalezbueno.com\/index.php?rest_route=\/wp\/v2\/users\/1"}],"replies":[{"embeddable":true,"href":"https:\/\/www.gonzalezbueno.com\/index.php?rest_route=%2Fwp%2Fv2%2Fcomments&post=929"}],"version-history":[{"count":1,"href":"https:\/\/www.gonzalezbueno.com\/index.php?rest_route=\/wp\/v2\/pages\/929\/revisions"}],"predecessor-version":[{"id":930,"href":"https:\/\/www.gonzalezbueno.com\/index.php?rest_route=\/wp\/v2\/pages\/929\/revisions\/930"}],"wp:attachment":[{"href":"https:\/\/www.gonzalezbueno.com\/index.php?rest_route=%2Fwp%2Fv2%2Fmedia&parent=929"}],"curies":[{"name":"wp","href":"https:\/\/api.w.org\/{rel}","templated":true}]}}