{"id":927,"date":"2025-03-10T22:27:07","date_gmt":"2025-03-10T22:27:07","guid":{"rendered":"https:\/\/www.gonzalezbueno.com\/?page_id=927"},"modified":"2025-03-10T22:27:07","modified_gmt":"2025-03-10T22:27:07","slug":"marcas-desenhos-industriais","status":"publish","type":"page","link":"https:\/\/www.gonzalezbueno.com\/?page_id=927","title":{"rendered":"Marcas \u2013 Desenhos Industriais"},"content":{"rendered":"\n<figure class=\"wp-block-image alignfull size-full\"><img loading=\"lazy\" decoding=\"async\" width=\"977\" height=\"215\" src=\"https:\/\/www.gonzalezbueno.com\/wp-content\/uploads\/2021\/12\/areas-especializacion.jpeg\" alt=\"\" class=\"wp-image-116\" srcset=\"https:\/\/www.gonzalezbueno.com\/wp-content\/uploads\/2021\/12\/areas-especializacion.jpeg 977w, https:\/\/www.gonzalezbueno.com\/wp-content\/uploads\/2021\/12\/areas-especializacion-300x66.jpeg 300w, https:\/\/www.gonzalezbueno.com\/wp-content\/uploads\/2021\/12\/areas-especializacion-768x169.jpeg 768w, https:\/\/www.gonzalezbueno.com\/wp-content\/uploads\/2021\/12\/areas-especializacion-700x154.jpeg 700w, https:\/\/www.gonzalezbueno.com\/wp-content\/uploads\/2021\/12\/areas-especializacion-520x114.jpeg 520w, https:\/\/www.gonzalezbueno.com\/wp-content\/uploads\/2021\/12\/areas-especializacion-360x79.jpeg 360w, https:\/\/www.gonzalezbueno.com\/wp-content\/uploads\/2021\/12\/areas-especializacion-250x55.jpeg 250w, https:\/\/www.gonzalezbueno.com\/wp-content\/uploads\/2021\/12\/areas-especializacion-100x22.jpeg 100w\" sizes=\"auto, (max-width: 977px) 100vw, 977px\" \/><\/figure>\n\n\n\n<p align=\"justify\">Os integrantes do escrit\u00f3rio possuem ampla experi\u00eancia no \u00e2mbito das marcas e de outros sinais distintivos. Os s\u00f3cios dedicaram praticamente toda a sua trajet\u00f3ria profissional \u00e0 prote\u00e7\u00e3o desses direitos de Propriedade Industrial, tanto no exerc\u00edcio da advocacia em renomados escrit\u00f3rios espanh\u00f3is quanto no desempenho de fun\u00e7\u00f5es p\u00fablicas relacionadas \u00e0 Propriedade Industrial.<\/p>\n\n\n\n<p align=\"justify\">Carlos Gonz\u00e1lez-Bueno n\u00e3o apenas ocupou o cargo de Secret\u00e1rio-Adjunto no Minist\u00e9rio da Ind\u00fastria e Energia e no Minist\u00e9rio da Ci\u00eancia e Tecnologia, mas tamb\u00e9m exerceu a fun\u00e7\u00e3o de Diretor-Geral do Instituto Espanhol de Patentes e Marcas.<\/p>\n\n\n\n<p align=\"justify\">Os s\u00f3cios da Gonz\u00e1lez-Bueno SLP realizaram um trabalho significante de estudos e pesquisas no campo da Propriedade Industrial. Dentre as suas publica\u00e7\u00f5es, destacam-se os Coment\u00e1rios \u00e0 Lei e ao Regulamento de Marcas, Editora Civitas, os estudos monogr\u00e1ficos sobre Marcas de Alto Renome e Notoriamente Conhecidas, Editora La Ley, e sobre Desenhos Industriais Comunit\u00e1rios, Editora Kluwer, al\u00e9m de contribui\u00e7\u00f5es peri\u00f3dicas para a publica\u00e7\u00e3o The Trademark Reporter, editada pela INTA.<\/p>\n\n\n\n<p align=\"justify\">O escrit\u00f3rio firmou um acordo com o EUIPO para integrar o \u00abkey user programme\u00bb do instituto, um status concedido apenas aos 250 principais usu\u00e1rios da entidade.<\/p>\n\n\n\n<p><\/p>\n","protected":false},"excerpt":{"rendered":"<p>Os integrantes do escrit\u00f3rio possuem ampla experi\u00eancia no \u00e2mbito das marcas e de outros sinais distintivos. Os s\u00f3cios dedicaram praticamente toda a sua trajet\u00f3ria profissional \u00e0 prote\u00e7\u00e3o desses direitos de Propriedade Industrial, tanto no exerc\u00edcio da advocacia em renomados escrit\u00f3rios [&hellip;]<\/p>\n","protected":false},"author":1,"featured_media":0,"parent":0,"menu_order":0,"comment_status":"closed","ping_status":"closed","template":"page-templates\/page_fullwidth.php","meta":{"footnotes":""},"class_list":["post-927","page","type-page","status-publish","hentry","clearfix"],"_links":{"self":[{"href":"https:\/\/www.gonzalezbueno.com\/index.php?rest_route=\/wp\/v2\/pages\/927","targetHints":{"allow":["GET"]}}],"collection":[{"href":"https:\/\/www.gonzalezbueno.com\/index.php?rest_route=\/wp\/v2\/pages"}],"about":[{"href":"https:\/\/www.gonzalezbueno.com\/index.php?rest_route=\/wp\/v2\/types\/page"}],"author":[{"embeddable":true,"href":"https:\/\/www.gonzalezbueno.com\/index.php?rest_route=\/wp\/v2\/users\/1"}],"replies":[{"embeddable":true,"href":"https:\/\/www.gonzalezbueno.com\/index.php?rest_route=%2Fwp%2Fv2%2Fcomments&post=927"}],"version-history":[{"count":1,"href":"https:\/\/www.gonzalezbueno.com\/index.php?rest_route=\/wp\/v2\/pages\/927\/revisions"}],"predecessor-version":[{"id":928,"href":"https:\/\/www.gonzalezbueno.com\/index.php?rest_route=\/wp\/v2\/pages\/927\/revisions\/928"}],"wp:attachment":[{"href":"https:\/\/www.gonzalezbueno.com\/index.php?rest_route=%2Fwp%2Fv2%2Fmedia&parent=927"}],"curies":[{"name":"wp","href":"https:\/\/api.w.org\/{rel}","templated":true}]}}