{"id":925,"date":"2025-03-10T22:28:08","date_gmt":"2025-03-10T22:28:08","guid":{"rendered":"https:\/\/www.gonzalezbueno.com\/?page_id=925"},"modified":"2025-04-11T17:36:22","modified_gmt":"2025-04-11T17:36:22","slug":"publicacoes","status":"publish","type":"page","link":"https:\/\/www.gonzalezbueno.com\/?page_id=925","title":{"rendered":"Publica\u00e7\u00f5es"},"content":{"rendered":"\n<div class=\"wp-block-media-text alignwide is-stacked-on-mobile\" style=\"grid-template-columns:15% auto\"><figure class=\"wp-block-media-text__media\"><img decoding=\"async\" src=\"https:\/\/www.gonzalezbueno.com\/wp-content\/uploads\/2025\/04\/40-under-40-2024.jpg\" alt=\"\" class=\"wp-image-353 size-full\"\/><\/figure><div class=\"wp-block-media-text__content\">\n<p><a href=\"https:\/\/www.dykinson.com\/libros\/40-under-40-international-arbitration-2024\/9788411708890\/\" target=\"_blank\" rel=\"noreferrer noopener\">40 under 40 International Arbitration (2024), C. Gonz\u00e1lez-Bueno (ed.), Dykinson (2024)<\/a><\/p>\n<\/div><\/div>\n\n\n\n<hr class=\"wp-block-separator\"\/>\n\n\n\n<div class=\"wp-block-media-text alignwide is-stacked-on-mobile\" style=\"grid-template-columns:15% auto\"><figure class=\"wp-block-media-text__media\"><img loading=\"lazy\" decoding=\"async\" width=\"720\" height=\"1024\" src=\"https:\/\/www.gonzalezbueno.com\/wp-content\/uploads\/2021\/12\/40-2021-1-720x1024.jpg\" alt=\"\" class=\"wp-image-353 size-full\" srcset=\"https:\/\/www.gonzalezbueno.com\/wp-content\/uploads\/2021\/12\/40-2021-1-720x1024.jpg 720w, https:\/\/www.gonzalezbueno.com\/wp-content\/uploads\/2021\/12\/40-2021-1-211x300.jpg 211w, https:\/\/www.gonzalezbueno.com\/wp-content\/uploads\/2021\/12\/40-2021-1-768x1092.jpg 768w, https:\/\/www.gonzalezbueno.com\/wp-content\/uploads\/2021\/12\/40-2021-1-1080x1536.jpg 1080w, https:\/\/www.gonzalezbueno.com\/wp-content\/uploads\/2021\/12\/40-2021-1-1440x2048.jpg 1440w, https:\/\/www.gonzalezbueno.com\/wp-content\/uploads\/2021\/12\/40-2021-1-700x996.jpg 700w, https:\/\/www.gonzalezbueno.com\/wp-content\/uploads\/2021\/12\/40-2021-1-520x740.jpg 520w, https:\/\/www.gonzalezbueno.com\/wp-content\/uploads\/2021\/12\/40-2021-1-360x512.jpg 360w, https:\/\/www.gonzalezbueno.com\/wp-content\/uploads\/2021\/12\/40-2021-1-250x356.jpg 250w, https:\/\/www.gonzalezbueno.com\/wp-content\/uploads\/2021\/12\/40-2021-1-100x142.jpg 100w, https:\/\/www.gonzalezbueno.com\/wp-content\/uploads\/2021\/12\/40-2021-1-scaled.jpg 1800w\" sizes=\"auto, (max-width: 720px) 100vw, 720px\" \/><\/figure><div class=\"wp-block-media-text__content\">\n<p><a href=\"https:\/\/www.dykinson.com\/libros\/40-under-40-international-arbitration-2021\/9788413774398\/\" target=\"_blank\" rel=\"noreferrer noopener\">40 under 40 International Arbitration (2021), C. Gonz\u00e1lez-Bueno (ed.), Dykinson (2021)<\/a><\/p>\n<\/div><\/div>\n\n\n\n<hr class=\"wp-block-separator\"\/>\n\n\n\n<div class=\"wp-block-media-text alignwide is-stacked-on-mobile\" style=\"grid-template-columns:15% auto\"><figure class=\"wp-block-media-text__media\"><img loading=\"lazy\" decoding=\"async\" width=\"285\" height=\"400\" src=\"https:\/\/www.gonzalezbueno.com\/wp-content\/uploads\/2021\/12\/40-2018.jpg\" alt=\"\" class=\"wp-image-351 size-full\" srcset=\"https:\/\/www.gonzalezbueno.com\/wp-content\/uploads\/2021\/12\/40-2018.jpg 285w, https:\/\/www.gonzalezbueno.com\/wp-content\/uploads\/2021\/12\/40-2018-214x300.jpg 214w, https:\/\/www.gonzalezbueno.com\/wp-content\/uploads\/2021\/12\/40-2018-250x351.jpg 250w, https:\/\/www.gonzalezbueno.com\/wp-content\/uploads\/2021\/12\/40-2018-100x140.jpg 100w\" sizes=\"auto, (max-width: 285px) 100vw, 285px\" \/><\/figure><div class=\"wp-block-media-text__content\">\n<p><a href=\"https:\/\/www.dykinson.com\/libros\/40-under-40-international-arbitration-2018\/9788491485872\/\" data-type=\"URL\" target=\"_blank\" rel=\"noreferrer noopener\">40 under 40 International Arbitration (2018), C. Gonz\u00e1lez-Bueno (ed.), Dykinson (2018)<\/a><\/p>\n<\/div><\/div>\n\n\n\n<hr class=\"wp-block-separator\"\/>\n\n\n\n<div class=\"wp-block-media-text alignwide is-stacked-on-mobile\" style=\"grid-template-columns:15% auto\"><figure class=\"wp-block-media-text__media\"><img loading=\"lazy\" decoding=\"async\" width=\"419\" height=\"600\" src=\"https:\/\/www.gonzalezbueno.com\/wp-content\/uploads\/2021\/12\/the-spanish-arbitration.jpeg\" alt=\"\" class=\"wp-image-202 size-full\" srcset=\"https:\/\/www.gonzalezbueno.com\/wp-content\/uploads\/2021\/12\/the-spanish-arbitration.jpeg 419w, https:\/\/www.gonzalezbueno.com\/wp-content\/uploads\/2021\/12\/the-spanish-arbitration-210x300.jpeg 210w, https:\/\/www.gonzalezbueno.com\/wp-content\/uploads\/2021\/12\/the-spanish-arbitration-360x516.jpeg 360w, https:\/\/www.gonzalezbueno.com\/wp-content\/uploads\/2021\/12\/the-spanish-arbitration-250x358.jpeg 250w, https:\/\/www.gonzalezbueno.com\/wp-content\/uploads\/2021\/12\/the-spanish-arbitration-100x143.jpeg 100w\" sizes=\"auto, (max-width: 419px) 100vw, 419px\" \/><\/figure><div class=\"wp-block-media-text__content\">\n<p><a href=\"http:\/\/www.dykinson.com\/libros\/the-spanish-arbitration-act\/9788490856413\/\" target=\"_blank\" rel=\"noopener\">The Spanish Arbitration Act: A Commentary, C. Gonz\u00e1lez-Bueno (ed.), Dykinson (2016)<\/a><\/p>\n<\/div><\/div>\n\n\n\n<hr class=\"wp-block-separator\"\/>\n\n\n\n<div class=\"wp-block-media-text alignwide is-stacked-on-mobile\" style=\"grid-template-columns:15% auto\"><figure class=\"wp-block-media-text__media\"><img loading=\"lazy\" decoding=\"async\" width=\"409\" height=\"600\" src=\"https:\/\/www.gonzalezbueno.com\/wp-content\/uploads\/2021\/12\/comentarios.jpeg\" alt=\"\" class=\"wp-image-208 size-full\" srcset=\"https:\/\/www.gonzalezbueno.com\/wp-content\/uploads\/2021\/12\/comentarios.jpeg 409w, https:\/\/www.gonzalezbueno.com\/wp-content\/uploads\/2021\/12\/comentarios-205x300.jpeg 205w, https:\/\/www.gonzalezbueno.com\/wp-content\/uploads\/2021\/12\/comentarios-360x528.jpeg 360w, https:\/\/www.gonzalezbueno.com\/wp-content\/uploads\/2021\/12\/comentarios-250x367.jpeg 250w, https:\/\/www.gonzalezbueno.com\/wp-content\/uploads\/2021\/12\/comentarios-100x147.jpeg 100w\" sizes=\"auto, (max-width: 409px) 100vw, 409px\" \/><\/figure><div class=\"wp-block-media-text__content\">\n<p><a href=\"https:\/\/www.dykinson.com\/libros\/comentarios-a-la-ley-de-arbitraje\/9788495176943\/\" target=\"_blank\" rel=\"noreferrer noopener\">Comentarios a la Ley de Arbitraje, C. Gonz\u00e1lez-Bueno (ed.), Consejo General del Notariado (2014)<\/a><\/p>\n<\/div><\/div>\n\n\n\n<hr class=\"wp-block-separator\"\/>\n\n\n\n<div class=\"wp-block-media-text alignwide is-stacked-on-mobile\" style=\"grid-template-columns:15% auto\"><figure class=\"wp-block-media-text__media\"><img loading=\"lazy\" decoding=\"async\" width=\"702\" height=\"1024\" src=\"https:\/\/www.gonzalezbueno.com\/wp-content\/uploads\/2021\/12\/marcas-notorias-702x1024.jpeg\" alt=\"\" class=\"wp-image-210 size-full\" srcset=\"https:\/\/www.gonzalezbueno.com\/wp-content\/uploads\/2021\/12\/marcas-notorias-702x1024.jpeg 702w, https:\/\/www.gonzalezbueno.com\/wp-content\/uploads\/2021\/12\/marcas-notorias-206x300.jpeg 206w, https:\/\/www.gonzalezbueno.com\/wp-content\/uploads\/2021\/12\/marcas-notorias-768x1121.jpeg 768w, https:\/\/www.gonzalezbueno.com\/wp-content\/uploads\/2021\/12\/marcas-notorias-1053x1536.jpeg 1053w, https:\/\/www.gonzalezbueno.com\/wp-content\/uploads\/2021\/12\/marcas-notorias-700x1021.jpeg 700w, https:\/\/www.gonzalezbueno.com\/wp-content\/uploads\/2021\/12\/marcas-notorias-520x759.jpeg 520w, https:\/\/www.gonzalezbueno.com\/wp-content\/uploads\/2021\/12\/marcas-notorias-360x525.jpeg 360w, https:\/\/www.gonzalezbueno.com\/wp-content\/uploads\/2021\/12\/marcas-notorias-250x365.jpeg 250w, https:\/\/www.gonzalezbueno.com\/wp-content\/uploads\/2021\/12\/marcas-notorias-100x146.jpeg 100w, https:\/\/www.gonzalezbueno.com\/wp-content\/uploads\/2021\/12\/marcas-notorias.jpeg 1137w\" sizes=\"auto, (max-width: 702px) 100vw, 702px\" \/><\/figure><div class=\"wp-block-media-text__content\">\n<p><a href=\"https:\/\/www.casadellibro.com\/libro-marcas-notorias-y-renombradas-en-la-ley-y-la-jurisprudencia\/9788497255837\/1013853\" target=\"_blank\" rel=\"noreferrer noopener\">Marcas Notorias y Renombradas, C. Gonz\u00e1lez-Bueno, La Ley (2005)<\/a><\/p>\n<\/div><\/div>\n\n\n\n<hr class=\"wp-block-separator aligncenter is-style-default\"\/>\n\n\n\n<div class=\"wp-block-media-text alignwide is-stacked-on-mobile\" style=\"grid-template-columns:15% auto\"><figure class=\"wp-block-media-text__media\"><img loading=\"lazy\" decoding=\"async\" width=\"114\" height=\"173\" src=\"https:\/\/www.gonzalezbueno.com\/wp-content\/uploads\/2021\/12\/comentarios-a-la-ley.jpeg\" alt=\"\" class=\"wp-image-215 size-full\" srcset=\"https:\/\/www.gonzalezbueno.com\/wp-content\/uploads\/2021\/12\/comentarios-a-la-ley.jpeg 114w, https:\/\/www.gonzalezbueno.com\/wp-content\/uploads\/2021\/12\/comentarios-a-la-ley-100x152.jpeg 100w\" sizes=\"auto, (max-width: 114px) 100vw, 114px\" \/><\/figure><div class=\"wp-block-media-text__content\">\n<p><a href=\"https:\/\/www.dykinson.com\/libros\/comentarios-a-la-ley-y-al-reglamento-de-marcas\/9788447019786\/\" target=\"_blank\" rel=\"noreferrer noopener\">Comentarios a la Ley y al Reglamento de Marcas, C. Gonz\u00e1lez-Bueno (ed.), Thomson-Civitas (2003)<\/a><\/p>\n<\/div><\/div>\n","protected":false},"excerpt":{"rendered":"<p>40 under 40 International Arbitration (2024), C. Gonz\u00e1lez-Bueno (ed.), Dykinson (2024) 40 under 40 International Arbitration (2021), C. Gonz\u00e1lez-Bueno (ed.), Dykinson (2021) 40 under 40 International Arbitration (2018), C. Gonz\u00e1lez-Bueno (ed.), Dykinson (2018) The Spanish Arbitration Act: A Commentary, C. [&hellip;]<\/p>\n","protected":false},"author":1,"featured_media":0,"parent":0,"menu_order":0,"comment_status":"closed","ping_status":"closed","template":"page-templates\/page_fullwidth.php","meta":{"footnotes":""},"class_list":["post-925","page","type-page","status-publish","hentry","clearfix"],"_links":{"self":[{"href":"https:\/\/www.gonzalezbueno.com\/index.php?rest_route=\/wp\/v2\/pages\/925","targetHints":{"allow":["GET"]}}],"collection":[{"href":"https:\/\/www.gonzalezbueno.com\/index.php?rest_route=\/wp\/v2\/pages"}],"about":[{"href":"https:\/\/www.gonzalezbueno.com\/index.php?rest_route=\/wp\/v2\/types\/page"}],"author":[{"embeddable":true,"href":"https:\/\/www.gonzalezbueno.com\/index.php?rest_route=\/wp\/v2\/users\/1"}],"replies":[{"embeddable":true,"href":"https:\/\/www.gonzalezbueno.com\/index.php?rest_route=%2Fwp%2Fv2%2Fcomments&post=925"}],"version-history":[{"count":5,"href":"https:\/\/www.gonzalezbueno.com\/index.php?rest_route=\/wp\/v2\/pages\/925\/revisions"}],"predecessor-version":[{"id":987,"href":"https:\/\/www.gonzalezbueno.com\/index.php?rest_route=\/wp\/v2\/pages\/925\/revisions\/987"}],"wp:attachment":[{"href":"https:\/\/www.gonzalezbueno.com\/index.php?rest_route=%2Fwp%2Fv2%2Fmedia&parent=925"}],"curies":[{"name":"wp","href":"https:\/\/api.w.org\/{rel}","templated":true}]}}