{"id":917,"date":"2025-03-10T22:28:18","date_gmt":"2025-03-10T22:28:18","guid":{"rendered":"https:\/\/www.gonzalezbueno.com\/?page_id=917"},"modified":"2025-03-10T22:28:18","modified_gmt":"2025-03-10T22:28:18","slug":"quem-somos","status":"publish","type":"page","link":"https:\/\/www.gonzalezbueno.com\/?page_id=917","title":{"rendered":"Quem Somos"},"content":{"rendered":"\n<figure class=\"wp-block-image size-full\"><img loading=\"lazy\" decoding=\"async\" width=\"977\" height=\"215\" src=\"https:\/\/www.gonzalezbueno.com\/wp-content\/uploads\/2021\/12\/quienesSomos.jpeg\" alt=\"\" class=\"wp-image-39\" srcset=\"https:\/\/www.gonzalezbueno.com\/wp-content\/uploads\/2021\/12\/quienesSomos.jpeg 977w, https:\/\/www.gonzalezbueno.com\/wp-content\/uploads\/2021\/12\/quienesSomos-300x66.jpeg 300w, https:\/\/www.gonzalezbueno.com\/wp-content\/uploads\/2021\/12\/quienesSomos-768x169.jpeg 768w\" sizes=\"auto, (max-width: 977px) 100vw, 977px\" \/><\/figure>\n\n\n\n<p>Gonz\u00e1lez-Bueno SLP \u00e9 um escrit\u00f3rio fundado para oferecer uma assessoria jur\u00eddica de excel\u00eancia e especializada em suas \u00e1reas espec\u00edficas de atua\u00e7\u00e3o.<\/p>\n\n\n\n<p>Os direitos e conflitos dos clientes s\u00e3o geridos sob a supervis\u00e3o direta e imediata de um s\u00f3cio, permitindo oferecer um relacionamento muito pessoal e uma assessoria absolutamente individualizada.<\/p>\n\n\n\n<p>O maior ativo da Gonz\u00e1lez-Bueno SLP \u00e9 a experi\u00eancia acumulada por seus s\u00f3cios, tanto no exerc\u00edcio da advocacia quanto no desempenho de cargos p\u00fablicos.<\/p>\n\n\n\n<p>Nossos clientes s\u00e3o empresas de m\u00e9dio e grande porte, pertencentes a um amplo leque de setores. A maioria \u00e9 estrangeira, o que faz com que trabalhemos indistintamente em espanhol, alem\u00e3o, ingl\u00eas, franc\u00eas e portugu\u00eas.<\/p>\n\n","protected":false},"excerpt":{"rendered":"<p>Gonz\u00e1lez-Bueno SLP \u00e9 um escrit\u00f3rio fundado para oferecer uma assessoria jur\u00eddica de excel\u00eancia e especializada em suas \u00e1reas espec\u00edficas de atua\u00e7\u00e3o. Os direitos e conflitos dos clientes s\u00e3o geridos sob a supervis\u00e3o direta e imediata de um s\u00f3cio, permitindo oferecer [&hellip;]<\/p>\n","protected":false},"author":1,"featured_media":0,"parent":0,"menu_order":0,"comment_status":"closed","ping_status":"closed","template":"page-templates\/page_fullwidth.php","meta":{"footnotes":""},"class_list":["post-917","page","type-page","status-publish","hentry","clearfix"],"_links":{"self":[{"href":"https:\/\/www.gonzalezbueno.com\/index.php?rest_route=\/wp\/v2\/pages\/917","targetHints":{"allow":["GET"]}}],"collection":[{"href":"https:\/\/www.gonzalezbueno.com\/index.php?rest_route=\/wp\/v2\/pages"}],"about":[{"href":"https:\/\/www.gonzalezbueno.com\/index.php?rest_route=\/wp\/v2\/types\/page"}],"author":[{"embeddable":true,"href":"https:\/\/www.gonzalezbueno.com\/index.php?rest_route=\/wp\/v2\/users\/1"}],"replies":[{"embeddable":true,"href":"https:\/\/www.gonzalezbueno.com\/index.php?rest_route=%2Fwp%2Fv2%2Fcomments&post=917"}],"version-history":[{"count":1,"href":"https:\/\/www.gonzalezbueno.com\/index.php?rest_route=\/wp\/v2\/pages\/917\/revisions"}],"predecessor-version":[{"id":918,"href":"https:\/\/www.gonzalezbueno.com\/index.php?rest_route=\/wp\/v2\/pages\/917\/revisions\/918"}],"wp:attachment":[{"href":"https:\/\/www.gonzalezbueno.com\/index.php?rest_route=%2Fwp%2Fv2%2Fmedia&parent=917"}],"curies":[{"name":"wp","href":"https:\/\/api.w.org\/{rel}","templated":true}]}}