{"id":909,"date":"2025-03-10T21:46:23","date_gmt":"2025-03-10T21:46:23","guid":{"rendered":"https:\/\/www.gonzalezbueno.com\/?page_id=909"},"modified":"2026-03-03T18:21:34","modified_gmt":"2026-03-03T18:21:34","slug":"carlos-gonzalez-bueno-5","status":"publish","type":"page","link":"https:\/\/www.gonzalezbueno.com\/?page_id=909","title":{"rendered":"Carlos Gonz\u00e1lez-Bueno"},"content":{"rendered":"\n<figure class=\"wp-block-image alignfull size-large\"><img decoding=\"async\" src=\"https:\/\/www.gonzalezbueno.com\/wp-content\/uploads\/2021\/12\/carlos.jpeg\" alt=\"\"\/><\/figure>\n\n\n\n<div class=\"wp-block-group alignwide\"><div class=\"wp-block-group__inner-container is-layout-flow wp-block-group-is-layout-flow\">\n<div class=\"wp-block-columns is-layout-flex wp-container-core-columns-is-layout-9d6595d7 wp-block-columns-is-layout-flex\">\n<div class=\"wp-block-column is-vertically-aligned-center is-layout-flow wp-block-column-is-layout-flow\" style=\"flex-basis:200px\">\n<div class=\"wp-block-image\"><figure class=\"aligncenter size-full is-resized\"><a href=\"https:\/\/chambers.com\/lawyer\/carlos-gonzalez-bueno-global-2:545783\" target=\"_blank\" rel=\"noopener\"><img loading=\"lazy\" decoding=\"async\" src=\"https:\/\/www.gonzalezbueno.com\/wp-content\/uploads\/2025\/04\/Most-In-Demand-Arbitrators-2025.png\" alt=\"\" class=\"wp-image-311\" width=\"149\" height=\"92\"><\/a><figcaption><a href=\"https:\/\/whoswholegal.com\/carlos-gonzlez-bueno\" target=\"_blank\" rel=\"noopener\"><br><a href=\"https:\/\/www.lexology.com\/firms\/1159441\/carlos_gonz_lez_bueno\" target=\"_blank\" rel=\"noopener\"><img decoding=\"async\" src=\"https:\/\/www.gonzalezbueno.com\/wp-content\/uploads\/2025\/04\/lexology.png\" alt=\"\"><\/a><br><a href=\"https:\/\/www.leadersleague.com\/en\/rankings\/spain-best-arbitrators-2025\" target=\"_blank\" rel=\"noopener\"><img decoding=\"async\" src=\"https:\/\/www.gonzalezbueno.com\/wp-content\/uploads\/2022\/01\/Leaders-League-1.png\" alt=\"\"><\/a><\/figcaption><\/figure><\/div>\n\n\n\n<hr class=\"wp-block-separator has-css-opacity alignwide\"\/>\n\n\n\n<div class=\"wp-block-image\" style=\"text-align: center;\">\n<figure class=\"aligncenter size-full is-resized\"><img loading=\"lazy\" decoding=\"async\" class=\"wp-image-531\" src=\"https:\/\/www.gonzalezbueno.com\/wp-content\/uploads\/2022\/01\/kisspng-curriculum-vitae-rsum-computer-icons-job-hunti-cv-word-5b38b6a2655a86.6722558215304434264152-1.png\" sizes=\"auto, (max-width: 30px) 100vw, 30px\" srcset=\"https:\/\/www.gonzalezbueno.com\/wp-content\/uploads\/2022\/01\/kisspng-curriculum-vitae-rsum-computer-icons-job-hunti-cv-word-5b38b6a2655a86.6722558215304434264152-1.png 512w, https:\/\/www.gonzalezbueno.com\/wp-content\/uploads\/2022\/01\/kisspng-curriculum-vitae-rsum-computer-icons-job-hunti-cv-word-5b38b6a2655a86.6722558215304434264152-1-300x300.png 300w, https:\/\/www.gonzalezbueno.com\/wp-content\/uploads\/2022\/01\/kisspng-curriculum-vitae-rsum-computer-icons-job-hunti-cv-word-5b38b6a2655a86.6722558215304434264152-1-150x150.png 150w, https:\/\/www.gonzalezbueno.com\/wp-content\/uploads\/2022\/01\/kisspng-curriculum-vitae-rsum-computer-icons-job-hunti-cv-word-5b38b6a2655a86.6722558215304434264152-1-360x360.png 360w, https:\/\/www.gonzalezbueno.com\/wp-content\/uploads\/2022\/01\/kisspng-curriculum-vitae-rsum-computer-icons-job-hunti-cv-word-5b38b6a2655a86.6722558215304434264152-1-250x250.png 250w, https:\/\/www.gonzalezbueno.com\/wp-content\/uploads\/2022\/01\/kisspng-curriculum-vitae-rsum-computer-icons-job-hunti-cv-word-5b38b6a2655a86.6722558215304434264152-1-100x100.png 100w\" alt=\"\" width=\"30\" height=\"30\" \/><\/figure>\n<a class=\"wp-block-buttons alignfull is-content-justification-center\" style=\"border: 0px; color: #1f6a95;\" href=\"https:\/\/www.gonzalezbueno.com\/wp-content\/uploads\/2026\/03\/260303-CV-Carlos-Gonzalez-Bueno-Portugues.pdf\" target=\"_blank\" rel=\"noopener\">Curriculum<\/a><\/div>\n\n\n\n<div class=\"socios-contact-block\">\n\t\t<i class=\"fa fa-envelope\"><\/i>\n\t\t\n<\/div>\n<div class=\"socios-contact-block\">\n\t\t<span><a href=\"mailto:cgb@gonzalezbueno.com\">cgb@gonzalezbueno.com<\/a><\/span>\n\n<span><a href=\"https:\/\/www.gonzalezbueno.com\/wp-content\/uploads\/2022\/06\/Carlos Gonzalez-Bueno.vcf\">vCard<\/a><\/span>\n\t\t\n<\/div>\n<\/div>\n\n\n\n<div class=\"wp-block-column is-layout-flow wp-block-column-is-layout-flow\">\n<p align=\"justify\">Advogado inscrito na Ordem dos Advogados de Madrid desde 1992, Advogado do Estado desde 1994 e Fellow do CIArb desde 2019.<\/p>\n\n\n\n<p align=\"justify\">Foi Diretor-Geral do Instituto Espanhol de Patentes e Marcas, al\u00e9m de Secret\u00e1rio-Adjunto dos Minist\u00e9rios da Ind\u00fastria e Energia e da Ci\u00eancia e Tecnologia.<\/p>\n\n\n\n<p align=\"justify\">Atua regularmente como \u00e1rbitro e advogado em procedimentos perante a ICC, ICDR,AAA, SNA-OSCE, CAM e CIMA, entre outros.<\/p>\n\n\n\n<p align=\"justify\">Foi reconhecido pela Chambers &#038; Partners desde 2013. Atualmente aparece nas categorias \u00abInternational Arbitration: Most in Demand Arbitrator &#8211; Global Market Leader\u00bb e \u00abMost in Demand Arbitrator &#8211; Spain\u00bb (Band 1). O Lexology o reconhece como um \u201cThought Leader\u201d em Arbitragem. A Leaders League tamb\u00e9m o reconhece como um \u201cLeading\u201d \u00e1rbitro espanhol.<\/p>\n\n\n\n<p align=\"justify\">Foi professor de arbitragem e argumenta\u00e7\u00e3o jur\u00eddica na Universidad Pontificia Comillas (ICADE). Publica regularmente sobre em mat\u00e9ria de arbitragem.<\/p>\n\n\n\n<p align=\"justify\">Trabalha habitualmente em espanhol, ingl\u00eas, alem\u00e3o, franc\u00eas e portugu\u00eas.<\/p>\n<\/div>\n<\/div>\n<\/div><\/div>\n","protected":false},"excerpt":{"rendered":"<p>Curriculum cgb@gonzalezbueno.com vCard Advogado inscrito na Ordem dos Advogados de Madrid desde 1992, Advogado do Estado desde 1994 e Fellow do CIArb desde 2019. Foi Diretor-Geral do Instituto Espanhol de Patentes e Marcas, al\u00e9m de Secret\u00e1rio-Adjunto dos Minist\u00e9rios da Ind\u00fastria [&hellip;]<\/p>\n","protected":false},"author":1,"featured_media":0,"parent":0,"menu_order":0,"comment_status":"closed","ping_status":"closed","template":"page-templates\/page_fullwidth.php","meta":{"footnotes":""},"class_list":["post-909","page","type-page","status-publish","hentry","clearfix"],"_links":{"self":[{"href":"https:\/\/www.gonzalezbueno.com\/index.php?rest_route=\/wp\/v2\/pages\/909","targetHints":{"allow":["GET"]}}],"collection":[{"href":"https:\/\/www.gonzalezbueno.com\/index.php?rest_route=\/wp\/v2\/pages"}],"about":[{"href":"https:\/\/www.gonzalezbueno.com\/index.php?rest_route=\/wp\/v2\/types\/page"}],"author":[{"embeddable":true,"href":"https:\/\/www.gonzalezbueno.com\/index.php?rest_route=\/wp\/v2\/users\/1"}],"replies":[{"embeddable":true,"href":"https:\/\/www.gonzalezbueno.com\/index.php?rest_route=%2Fwp%2Fv2%2Fcomments&post=909"}],"version-history":[{"count":16,"href":"https:\/\/www.gonzalezbueno.com\/index.php?rest_route=\/wp\/v2\/pages\/909\/revisions"}],"predecessor-version":[{"id":1077,"href":"https:\/\/www.gonzalezbueno.com\/index.php?rest_route=\/wp\/v2\/pages\/909\/revisions\/1077"}],"wp:attachment":[{"href":"https:\/\/www.gonzalezbueno.com\/index.php?rest_route=%2Fwp%2Fv2%2Fmedia&parent=909"}],"curies":[{"name":"wp","href":"https:\/\/api.w.org\/{rel}","templated":true}]}}