{"id":726,"date":"2022-01-08T12:55:44","date_gmt":"2022-01-08T12:55:44","guid":{"rendered":"https:\/\/www.gonzalezbueno.com\/new-web\/?page_id=726"},"modified":"2025-04-11T17:45:55","modified_gmt":"2025-04-11T17:45:55","slug":"pablo-gonzalez-bueno-4","status":"publish","type":"page","link":"https:\/\/www.gonzalezbueno.com\/?page_id=726","title":{"rendered":"Pablo Gonz\u00e1lez-Bueno"},"content":{"rendered":"\n<figure class=\"wp-block-image alignfull size-full\"><img loading=\"lazy\" decoding=\"async\" width=\"977\" height=\"215\" src=\"https:\/\/www.gonzalezbueno.com\/wp-content\/uploads\/2021\/12\/pablo.jpeg\" alt=\"\" class=\"wp-image-179\" srcset=\"https:\/\/www.gonzalezbueno.com\/wp-content\/uploads\/2021\/12\/pablo.jpeg 977w, https:\/\/www.gonzalezbueno.com\/wp-content\/uploads\/2021\/12\/pablo-300x66.jpeg 300w, https:\/\/www.gonzalezbueno.com\/wp-content\/uploads\/2021\/12\/pablo-768x169.jpeg 768w, https:\/\/www.gonzalezbueno.com\/wp-content\/uploads\/2021\/12\/pablo-700x154.jpeg 700w, https:\/\/www.gonzalezbueno.com\/wp-content\/uploads\/2021\/12\/pablo-520x114.jpeg 520w, https:\/\/www.gonzalezbueno.com\/wp-content\/uploads\/2021\/12\/pablo-360x79.jpeg 360w, https:\/\/www.gonzalezbueno.com\/wp-content\/uploads\/2021\/12\/pablo-250x55.jpeg 250w, https:\/\/www.gonzalezbueno.com\/wp-content\/uploads\/2021\/12\/pablo-100x22.jpeg 100w\" sizes=\"auto, (max-width: 977px) 100vw, 977px\" \/><\/figure>\n\n\n\n<div class=\"wp-block-group alignwide\"><div class=\"wp-block-group__inner-container is-layout-flow wp-block-group-is-layout-flow\">\n<div class=\"wp-block-columns is-layout-flex wp-container-core-columns-is-layout-9d6595d7 wp-block-columns-is-layout-flex\">\n<div class=\"wp-block-column is-vertically-aligned-center is-layout-flow wp-block-column-is-layout-flow\" style=\"flex-basis:200px\">\n<div class=\"wp-block-image\"><figure class=\"aligncenter size-full is-resized\"><a href=\"https:\/\/chambers.com\/lawyer\/pablo-gonzalez-bueno-global-2:684515\" target=\"_blank\" rel=\"noopener\"><img loading=\"lazy\" decoding=\"async\" src=\"https:\/\/www.gonzalezbueno.com\/wp-content\/uploads\/2025\/04\/Most-In-Demand-Arbitrators-2025.png\" alt=\"\" class=\"wp-image-311\" width=\"149\" height=\"92\"><\/a><figcaption><a href=\"https:\/\/www.lexology.com\/firms\/1327338\/pablo_gonz_lez_bueno\" target=\"_blank\" rel=\"noopener\"><img decoding=\"async\" src=\"https:\/\/www.gonzalezbueno.com\/wp-content\/uploads\/2025\/04\/lexology.png\" alt=\"\"><\/a><br><\/figcaption><\/figure><\/div>\n\n\n\n<hr class=\"wp-block-separator has-css-opacity alignwide\"\/>\n\n\n\n<div class=\"socios-contact-block\">\n\t\t<i class=\"fa fa-envelope\"><\/i>\n\t\t\n<\/div>\n<div class=\"socios-contact-block\">\n\t\t<span><a href=\"mailto:pgb@gonzalezbueno.com\">pgb@gonzalezbueno.com<\/a><\/span>\n\t\t\n<\/div>\n<\/div>\n\n\n\n<div class=\"wp-block-column is-layout-flow wp-block-column-is-layout-flow\">\n<p><p align=\"justify\">Abogado colegiado en el I.C.A. de Madrid desde 1987, M\u00e1ster en Derecho Comunitario por el Colegio de Europa (Brujas) en 1988 y LL.M. por la Universidad de Michigan en 1990.<\/p><\/p>\n\n\n\n<p><p align=\"justify\">Ha trabajado en las oficinas de Madrid, Barcelona y Nueva York de Ur\u00eda Men\u00e9ndez (1990 \u2013 1995). Ha sido socio de Elzaburu (1995 \u2013 2006), donde ha sido responsable del registro, la protecci\u00f3n y la defensa de algunas de las marcas de mayor renombre mundial, tanto ante los Organismos P\u00fablicos (OEPM y EUIPO), como ante los Tribunales de Justicia espa\u00f1oles y comunitarios.<\/p><\/p>\n\n\n\n<p><p align=\"justify\">Who&#8217;s Who Legal le reconoce como un \u00abGlobal Leader\u00bb en \u00abIP \u2013 Trademarks\u00bb y como un \u00abNational Leader\u00bb en \u00abTrademarks\u00bb. Ha sido incluido por Chambers &amp; Partners en su directorio.<\/p><\/p>\n\n\n\n<p><p align=\"justify\">Trabaja de forma habitual en espa\u00f1ol, ingl\u00e9s, alem\u00e1n y franc\u00e9s.<\/p><\/p>\n<\/div>\n<\/div>\n<\/div><\/div>\n\n\n\n<p><\/p>\n","protected":false},"excerpt":{"rendered":"<p>pgb@gonzalezbueno.com Abogado colegiado en el I.C.A. de Madrid desde 1987, M\u00e1ster en Derecho Comunitario por el Colegio de Europa (Brujas) en 1988 y LL.M. por la Universidad de Michigan en 1990. Ha trabajado en las oficinas de Madrid, Barcelona y [&hellip;]<\/p>\n","protected":false},"author":1,"featured_media":0,"parent":0,"menu_order":0,"comment_status":"closed","ping_status":"closed","template":"page-templates\/page_fullwidth.php","meta":{"footnotes":""},"class_list":["post-726","page","type-page","status-publish","hentry","clearfix"],"_links":{"self":[{"href":"https:\/\/www.gonzalezbueno.com\/index.php?rest_route=\/wp\/v2\/pages\/726","targetHints":{"allow":["GET"]}}],"collection":[{"href":"https:\/\/www.gonzalezbueno.com\/index.php?rest_route=\/wp\/v2\/pages"}],"about":[{"href":"https:\/\/www.gonzalezbueno.com\/index.php?rest_route=\/wp\/v2\/types\/page"}],"author":[{"embeddable":true,"href":"https:\/\/www.gonzalezbueno.com\/index.php?rest_route=\/wp\/v2\/users\/1"}],"replies":[{"embeddable":true,"href":"https:\/\/www.gonzalezbueno.com\/index.php?rest_route=%2Fwp%2Fv2%2Fcomments&post=726"}],"version-history":[{"count":7,"href":"https:\/\/www.gonzalezbueno.com\/index.php?rest_route=\/wp\/v2\/pages\/726\/revisions"}],"predecessor-version":[{"id":994,"href":"https:\/\/www.gonzalezbueno.com\/index.php?rest_route=\/wp\/v2\/pages\/726\/revisions\/994"}],"wp:attachment":[{"href":"https:\/\/www.gonzalezbueno.com\/index.php?rest_route=%2Fwp%2Fv2%2Fmedia&parent=726"}],"curies":[{"name":"wp","href":"https:\/\/api.w.org\/{rel}","templated":true}]}}