{"id":707,"date":"2022-01-08T12:46:11","date_gmt":"2022-01-08T12:46:11","guid":{"rendered":"https:\/\/www.gonzalezbueno.com\/new-web\/?page_id=707"},"modified":"2026-03-03T18:21:59","modified_gmt":"2026-03-03T18:21:59","slug":"carlos-gonzalez-bueno-4","status":"publish","type":"page","link":"https:\/\/www.gonzalezbueno.com\/?page_id=707","title":{"rendered":"Carlos Gonz\u00e1lez-Bueno"},"content":{"rendered":"\n<figure class=\"wp-block-image alignfull size-large\"><img decoding=\"async\" src=\"https:\/\/www.gonzalezbueno.com\/wp-content\/uploads\/2021\/12\/carlos.jpeg\" alt=\"\"\/><\/figure>\n\n\n\n<div class=\"wp-block-group alignwide\"><div class=\"wp-block-group__inner-container is-layout-flow wp-block-group-is-layout-flow\">\n<div class=\"wp-block-columns is-layout-flex wp-container-core-columns-is-layout-9d6595d7 wp-block-columns-is-layout-flex\">\n<div class=\"wp-block-column is-vertically-aligned-center is-layout-flow wp-block-column-is-layout-flow\" style=\"flex-basis:200px\">\n<div class=\"wp-block-image\"><figure class=\"aligncenter size-full is-resized\"><a href=\"https:\/\/chambers.com\/lawyer\/carlos-gonzalez-bueno-global-2:545783\" target=\"_blank\" rel=\"noopener\"><img loading=\"lazy\" decoding=\"async\" src=\"https:\/\/www.gonzalezbueno.com\/wp-content\/uploads\/2025\/04\/Most-In-Demand-Arbitrators-2025.png\" alt=\"\" class=\"wp-image-311\" width=\"149\" height=\"92\"><\/a><figcaption><a href=\"https:\/\/whoswholegal.com\/carlos-gonzlez-bueno\" target=\"_blank\" rel=\"noopener\"><br><a href=\"https:\/\/www.lexology.com\/firms\/1159441\/carlos_gonz_lez_bueno\" target=\"_blank\" rel=\"noopener\"><img decoding=\"async\" src=\"https:\/\/www.gonzalezbueno.com\/wp-content\/uploads\/2025\/04\/lexology.png\" alt=\"\"><\/a><br><a href=\"https:\/\/www.leadersleague.com\/en\/rankings\/spain-best-arbitrators-2025\" target=\"_blank\" rel=\"noopener\"><img decoding=\"async\" src=\"https:\/\/www.gonzalezbueno.com\/wp-content\/uploads\/2022\/01\/Leaders-League-1.png\" alt=\"\"><\/a><\/figcaption><\/figure><\/div>\n\n\n\n<hr class=\"wp-block-separator has-css-opacity alignwide\"\/>\n\n\n\n<div class=\"wp-block-image\" style=\"text-align: center;\">\n<figure class=\"aligncenter size-full is-resized\"><img loading=\"lazy\" decoding=\"async\" class=\"wp-image-531\" src=\"https:\/\/www.gonzalezbueno.com\/wp-content\/uploads\/2022\/01\/kisspng-curriculum-vitae-rsum-computer-icons-job-hunti-cv-word-5b38b6a2655a86.6722558215304434264152-1.png\" sizes=\"auto, (max-width: 30px) 100vw, 30px\" srcset=\"https:\/\/www.gonzalezbueno.com\/wp-content\/uploads\/2022\/01\/kisspng-curriculum-vitae-rsum-computer-icons-job-hunti-cv-word-5b38b6a2655a86.6722558215304434264152-1.png 512w, https:\/\/www.gonzalezbueno.com\/wp-content\/uploads\/2022\/01\/kisspng-curriculum-vitae-rsum-computer-icons-job-hunti-cv-word-5b38b6a2655a86.6722558215304434264152-1-300x300.png 300w, https:\/\/www.gonzalezbueno.com\/wp-content\/uploads\/2022\/01\/kisspng-curriculum-vitae-rsum-computer-icons-job-hunti-cv-word-5b38b6a2655a86.6722558215304434264152-1-150x150.png 150w, https:\/\/www.gonzalezbueno.com\/wp-content\/uploads\/2022\/01\/kisspng-curriculum-vitae-rsum-computer-icons-job-hunti-cv-word-5b38b6a2655a86.6722558215304434264152-1-360x360.png 360w, https:\/\/www.gonzalezbueno.com\/wp-content\/uploads\/2022\/01\/kisspng-curriculum-vitae-rsum-computer-icons-job-hunti-cv-word-5b38b6a2655a86.6722558215304434264152-1-250x250.png 250w, https:\/\/www.gonzalezbueno.com\/wp-content\/uploads\/2022\/01\/kisspng-curriculum-vitae-rsum-computer-icons-job-hunti-cv-word-5b38b6a2655a86.6722558215304434264152-1-100x100.png 100w\" alt=\"\" width=\"30\" height=\"30\" \/><\/figure>\n<a class=\"wp-block-buttons alignfull is-content-justification-center\" style=\"border: 0px; color: #1f6a95;\" href=\"https:\/\/www.gonzalezbueno.com\/wp-content\/uploads\/2026\/03\/260303-CV-Carlos-Gonzalez-Bueno-Espanol.pdf\" target=\"_blank\" rel=\"noopener\">Curr&iacute;culo<\/a><\/div>\n\n\n\n<div class=\"socios-contact-block\">\n\t\t<i class=\"fa fa-envelope\"><\/i>\n\t\t\n<\/div>\n<div class=\"socios-contact-block\">\n\t\t<span><a href=\"mailto:cgb@gonzalezbueno.com\">cgb@gonzalezbueno.com<\/a><\/span>\n\n<span><a href=\"https:\/\/www.gonzalezbueno.com\/wp-content\/uploads\/2022\/06\/Carlos Gonzalez-Bueno.vcf\">vCard<\/a><\/span>\n\t\t\n<\/div>\n<\/div>\n\n\n\n<div class=\"wp-block-column is-layout-flow wp-block-column-is-layout-flow\">\n<p align=\"justify\">Abogado colegiado en el I.C.A. de Madrid desde 1992, Abogado del Estado desde 1994 y Fellow del CIArb desde 2019.<\/p>\n\n\n\n<p align=\"justify\">Ha sido Director General de la Oficina Espa\u00f1ola de Patentes y Marcas, as\u00ed como Subsecretario de los Ministerios de Industria y Energ\u00eda y Ciencia y Tecnolog\u00eda.<\/p>\n\n\n\n<p align=\"justify\">Interviene regularmente como \u00e1rbitro y abogado de parte en procedimientos seguidos,&nbsp;<em>inter alia<\/em>, ante ICC, ICDR, AAA, SNA-OSCE, CAM y CIMA.<\/p>\n\n\n\n<p align=\"justify\">Ha sido reconocido por Chambers &#038; Partners desde 2013. Actualmente aparece en las categor\u00edas \u00abInternational Arbitration: Most in Demand Arbitrator &#8211; Global Market Leader\u00bb y \u00abMost in Demand Arbitrator &#8211; Spain\u00bb (Band 1). Lexology le reconoce como un \u00abThought Leader\u00bb en Arbitraje. Leaders League tambi\u00e9n le reconoce como un \u00abLeading\u00bb \u00e1rbitro espa\u00f1ol.&nbsp;<\/p>\n\n\n\n<p align=\"justify\">Ha sido profesor de arbitraje y argumentaci\u00f3n jur\u00eddica en la Universidad Pontificia Comillas (ICADE). Publica regularmente en materia de arbitraje.<\/p>\n\n\n\n<p align=\"justify\">Trabaja de forma habitual en espa\u00f1ol, ingl\u00e9s, alem\u00e1n, franc\u00e9s y portugu\u00e9s.<\/p>\n<\/div>\n<\/div>\n<\/div><\/div>\n\n\n\n<p><\/p>\n","protected":false},"excerpt":{"rendered":"<p>Curr&iacute;culo cgb@gonzalezbueno.com vCard Abogado colegiado en el I.C.A. de Madrid desde 1992, Abogado del Estado desde 1994 y Fellow del CIArb desde 2019. Ha sido Director General de la Oficina Espa\u00f1ola de Patentes y Marcas, as\u00ed como Subsecretario de los [&hellip;]<\/p>\n","protected":false},"author":1,"featured_media":0,"parent":0,"menu_order":0,"comment_status":"closed","ping_status":"closed","template":"page-templates\/page_fullwidth.php","meta":{"footnotes":""},"class_list":["post-707","page","type-page","status-publish","hentry","clearfix"],"_links":{"self":[{"href":"https:\/\/www.gonzalezbueno.com\/index.php?rest_route=\/wp\/v2\/pages\/707","targetHints":{"allow":["GET"]}}],"collection":[{"href":"https:\/\/www.gonzalezbueno.com\/index.php?rest_route=\/wp\/v2\/pages"}],"about":[{"href":"https:\/\/www.gonzalezbueno.com\/index.php?rest_route=\/wp\/v2\/types\/page"}],"author":[{"embeddable":true,"href":"https:\/\/www.gonzalezbueno.com\/index.php?rest_route=\/wp\/v2\/users\/1"}],"replies":[{"embeddable":true,"href":"https:\/\/www.gonzalezbueno.com\/index.php?rest_route=%2Fwp%2Fv2%2Fcomments&post=707"}],"version-history":[{"count":38,"href":"https:\/\/www.gonzalezbueno.com\/index.php?rest_route=\/wp\/v2\/pages\/707\/revisions"}],"predecessor-version":[{"id":1078,"href":"https:\/\/www.gonzalezbueno.com\/index.php?rest_route=\/wp\/v2\/pages\/707\/revisions\/1078"}],"wp:attachment":[{"href":"https:\/\/www.gonzalezbueno.com\/index.php?rest_route=%2Fwp%2Fv2%2Fmedia&parent=707"}],"curies":[{"name":"wp","href":"https:\/\/api.w.org\/{rel}","templated":true}]}}