{"id":681,"date":"2022-01-08T12:22:07","date_gmt":"2022-01-08T12:22:07","guid":{"rendered":"https:\/\/www.gonzalezbueno.com\/new-web\/?page_id=681"},"modified":"2025-04-11T17:46:26","modified_gmt":"2025-04-11T17:46:26","slug":"pablo-gonzalez-bueno-3","status":"publish","type":"page","link":"https:\/\/www.gonzalezbueno.com\/?page_id=681","title":{"rendered":"Pablo Gonz\u00e1lez-Bueno"},"content":{"rendered":"\n<figure class=\"wp-block-image alignfull size-full\"><img loading=\"lazy\" decoding=\"async\" width=\"977\" height=\"215\" src=\"https:\/\/www.gonzalezbueno.com\/wp-content\/uploads\/2021\/12\/pablo.jpeg\" alt=\"\" class=\"wp-image-179\" srcset=\"https:\/\/www.gonzalezbueno.com\/wp-content\/uploads\/2021\/12\/pablo.jpeg 977w, https:\/\/www.gonzalezbueno.com\/wp-content\/uploads\/2021\/12\/pablo-300x66.jpeg 300w, https:\/\/www.gonzalezbueno.com\/wp-content\/uploads\/2021\/12\/pablo-768x169.jpeg 768w, https:\/\/www.gonzalezbueno.com\/wp-content\/uploads\/2021\/12\/pablo-700x154.jpeg 700w, https:\/\/www.gonzalezbueno.com\/wp-content\/uploads\/2021\/12\/pablo-520x114.jpeg 520w, https:\/\/www.gonzalezbueno.com\/wp-content\/uploads\/2021\/12\/pablo-360x79.jpeg 360w, https:\/\/www.gonzalezbueno.com\/wp-content\/uploads\/2021\/12\/pablo-250x55.jpeg 250w, https:\/\/www.gonzalezbueno.com\/wp-content\/uploads\/2021\/12\/pablo-100x22.jpeg 100w\" sizes=\"auto, (max-width: 977px) 100vw, 977px\" \/><\/figure>\n\n\n\n<div class=\"wp-block-group alignwide\"><div class=\"wp-block-group__inner-container is-layout-flow wp-block-group-is-layout-flow\">\n<div class=\"wp-block-columns is-layout-flex wp-container-core-columns-is-layout-9d6595d7 wp-block-columns-is-layout-flex\">\n<div class=\"wp-block-column is-vertically-aligned-center is-layout-flow wp-block-column-is-layout-flow\" style=\"flex-basis:200px\">\n<div class=\"wp-block-image\"><figure class=\"aligncenter size-full is-resized\"><a href=\"https:\/\/chambers.com\/lawyer\/pablo-gonzalez-bueno-global-2:684515\" target=\"_blank\" rel=\"noopener\"><img loading=\"lazy\" decoding=\"async\" src=\"https:\/\/www.gonzalezbueno.com\/wp-content\/uploads\/2025\/04\/Most-In-Demand-Arbitrators-2025.png\" alt=\"\" class=\"wp-image-311\" width=\"149\" height=\"92\"><\/a><figcaption><a href=\"https:\/\/www.lexology.com\/firms\/1327338\/pablo_gonz_lez_bueno\" target=\"_blank\" rel=\"noopener\"><img decoding=\"async\" src=\"https:\/\/www.gonzalezbueno.com\/wp-content\/uploads\/2025\/04\/lexology.png\" alt=\"\"><\/a><br><\/figcaption><\/figure><\/div>\n\n\n\n<hr class=\"wp-block-separator has-css-opacity alignwide\"\/>\n\n\n\n<div class=\"socios-contact-block\">\n\t\t<i class=\"fa fa-envelope\"><\/i>\n\t\t\n<\/div>\n<div class=\"socios-contact-block\">\n\t\t<span><a href=\"mailto:pgb@gonzalezbueno.com\">pgb@gonzalezbueno.com<\/a><\/span>\n\t\t\n<\/div>\n<\/div>\n\n\n\n<div class=\"wp-block-column is-layout-flow wp-block-column-is-layout-flow\">\n<p align=\"justify\">Membre du Barreau de Madrid depuis 1987, Pablo Gonz\u00e1lez-Bueno est dipl\u00f4m\u00e9 d&#8217;une Ma\u00eetrise en Droit de l&#8217;Universidad Pontificia Comillas (ICADE), d&#8217;un Master en droit communautaire du Coll\u00e8ge d&#8217;Europe (Bruges, 1988) ainsi que d&#8217;un LL.M. de l&#8217;Universit\u00e9 du Michigan (1990).<\/p>\n\n\n\n<p align=\"justify\">Apr\u00e8s avoir travaill\u00e9 au sein des bureaux de Madrid, Barcelone et New York du cabinet Ur\u00eda Men\u00e9ndez (1990-1995), il rejoint le cabinet Elzaburu en tant qu&#8217;associ\u00e9. De 1995 \u00e0 2006, il a \u00e9t\u00e9 responsable de l&#8217;enregistrement, de la protection et de la d\u00e9fense de marques mondialement connues, devant les autorit\u00e9s publiques (OEPM et EUIPO) comme devant les juridictions espagnoles et europ\u00e9ennes.<\/p>\n\n\n\n<p align=\"justify\">Le Who&#8217;s Who Legal le reconna\u00eet comme un \u00abGlobal Leader\u00bb en \u00abIP &#8211; Trademarks\u00bb et comme un \u00abNational Leader\u00bb en \u00abTrademarks\u00bb. Il a \u00e9t\u00e9 inclus par Chambers &amp; Partners dans son annuaire.<\/p>\n\n\n\n<p align=\"justify\">Il travaille r\u00e9guli\u00e8rement en espagnol, anglais, allemand et fran\u00e7ais.<\/p>\n<\/div>\n<\/div>\n<\/div><\/div>\n\n\n\n<p><\/p>\n","protected":false},"excerpt":{"rendered":"<p>pgb@gonzalezbueno.com Membre du Barreau de Madrid depuis 1987, Pablo Gonz\u00e1lez-Bueno est dipl\u00f4m\u00e9 d&#8217;une Ma\u00eetrise en Droit de l&#8217;Universidad Pontificia Comillas (ICADE), d&#8217;un Master en droit communautaire du Coll\u00e8ge d&#8217;Europe (Bruges, 1988) ainsi que d&#8217;un LL.M. de l&#8217;Universit\u00e9 du Michigan (1990). [&hellip;]<\/p>\n","protected":false},"author":1,"featured_media":0,"parent":0,"menu_order":0,"comment_status":"closed","ping_status":"closed","template":"page-templates\/page_fullwidth.php","meta":{"footnotes":""},"class_list":["post-681","page","type-page","status-publish","hentry","clearfix"],"_links":{"self":[{"href":"https:\/\/www.gonzalezbueno.com\/index.php?rest_route=\/wp\/v2\/pages\/681","targetHints":{"allow":["GET"]}}],"collection":[{"href":"https:\/\/www.gonzalezbueno.com\/index.php?rest_route=\/wp\/v2\/pages"}],"about":[{"href":"https:\/\/www.gonzalezbueno.com\/index.php?rest_route=\/wp\/v2\/types\/page"}],"author":[{"embeddable":true,"href":"https:\/\/www.gonzalezbueno.com\/index.php?rest_route=\/wp\/v2\/users\/1"}],"replies":[{"embeddable":true,"href":"https:\/\/www.gonzalezbueno.com\/index.php?rest_route=%2Fwp%2Fv2%2Fcomments&post=681"}],"version-history":[{"count":4,"href":"https:\/\/www.gonzalezbueno.com\/index.php?rest_route=\/wp\/v2\/pages\/681\/revisions"}],"predecessor-version":[{"id":996,"href":"https:\/\/www.gonzalezbueno.com\/index.php?rest_route=\/wp\/v2\/pages\/681\/revisions\/996"}],"wp:attachment":[{"href":"https:\/\/www.gonzalezbueno.com\/index.php?rest_route=%2Fwp%2Fv2%2Fmedia&parent=681"}],"curies":[{"name":"wp","href":"https:\/\/api.w.org\/{rel}","templated":true}]}}