{"id":678,"date":"2022-01-08T12:20:23","date_gmt":"2022-01-08T12:20:23","guid":{"rendered":"https:\/\/www.gonzalezbueno.com\/new-web\/?page_id=678"},"modified":"2026-03-03T18:20:54","modified_gmt":"2026-03-03T18:20:54","slug":"carlos-gonzalez-bueno-3","status":"publish","type":"page","link":"https:\/\/www.gonzalezbueno.com\/?page_id=678","title":{"rendered":"Carlos Gonz\u00e1lez-Bueno"},"content":{"rendered":"\n<figure class=\"wp-block-image alignfull size-full\"><img loading=\"lazy\" decoding=\"async\" width=\"977\" height=\"215\" src=\"https:\/\/www.gonzalezbueno.com\/wp-content\/uploads\/2021\/12\/carlos.jpeg\" alt=\"\" class=\"wp-image-191\" srcset=\"https:\/\/www.gonzalezbueno.com\/wp-content\/uploads\/2021\/12\/carlos.jpeg 977w, https:\/\/www.gonzalezbueno.com\/wp-content\/uploads\/2021\/12\/carlos-300x66.jpeg 300w, https:\/\/www.gonzalezbueno.com\/wp-content\/uploads\/2021\/12\/carlos-768x169.jpeg 768w, https:\/\/www.gonzalezbueno.com\/wp-content\/uploads\/2021\/12\/carlos-700x154.jpeg 700w, https:\/\/www.gonzalezbueno.com\/wp-content\/uploads\/2021\/12\/carlos-520x114.jpeg 520w, https:\/\/www.gonzalezbueno.com\/wp-content\/uploads\/2021\/12\/carlos-360x79.jpeg 360w, https:\/\/www.gonzalezbueno.com\/wp-content\/uploads\/2021\/12\/carlos-250x55.jpeg 250w, https:\/\/www.gonzalezbueno.com\/wp-content\/uploads\/2021\/12\/carlos-100x22.jpeg 100w\" sizes=\"auto, (max-width: 977px) 100vw, 977px\" \/><\/figure>\n\n\n\n<div class=\"wp-block-group alignwide\"><div class=\"wp-block-group__inner-container is-layout-flow wp-block-group-is-layout-flow\">\n<div class=\"wp-block-columns is-layout-flex wp-container-core-columns-is-layout-9d6595d7 wp-block-columns-is-layout-flex\">\n<div class=\"wp-block-column is-vertically-aligned-center is-layout-flow wp-block-column-is-layout-flow\" style=\"flex-basis:200px\">\n<div class=\"wp-block-image\"><figure class=\"aligncenter size-full is-resized\"><a href=\"https:\/\/chambers.com\/lawyer\/carlos-gonzalez-bueno-global-2:545783\" target=\"_blank\" rel=\"noopener\"><img loading=\"lazy\" decoding=\"async\" src=\"https:\/\/www.gonzalezbueno.com\/wp-content\/uploads\/2025\/04\/Most-In-Demand-Arbitrators-2025.png\" alt=\"\" class=\"wp-image-311\" width=\"149\" height=\"92\"><\/a><figcaption><a href=\"https:\/\/whoswholegal.com\/carlos-gonzlez-bueno\" target=\"_blank\" rel=\"noopener\"><br><a href=\"https:\/\/www.lexology.com\/firms\/1159441\/carlos_gonz_lez_bueno\" target=\"_blank\" rel=\"noopener\"><img decoding=\"async\" src=\"https:\/\/www.gonzalezbueno.com\/wp-content\/uploads\/2025\/04\/lexology.png\" alt=\"\"><\/a><br><a href=\"https:\/\/www.leadersleague.com\/en\/rankings\/spain-best-arbitrators-2025\" target=\"_blank\" rel=\"noopener\"><img decoding=\"async\" src=\"https:\/\/www.gonzalezbueno.com\/wp-content\/uploads\/2022\/01\/Leaders-League-1.png\" alt=\"\"><\/a><\/figcaption><\/figure><\/div>\n\n\n\n<hr class=\"wp-block-separator has-css-opacity alignwide\"\/>\n\n\n\n<div class=\"wp-block-image\" style=\"text-align: center;\">\n<figure class=\"aligncenter size-full is-resized\"><img loading=\"lazy\" decoding=\"async\" class=\"wp-image-531\" src=\"https:\/\/www.gonzalezbueno.com\/wp-content\/uploads\/2022\/01\/kisspng-curriculum-vitae-rsum-computer-icons-job-hunti-cv-word-5b38b6a2655a86.6722558215304434264152-1.png\" sizes=\"auto, (max-width: 30px) 100vw, 30px\" srcset=\"https:\/\/www.gonzalezbueno.com\/wp-content\/uploads\/2022\/01\/kisspng-curriculum-vitae-rsum-computer-icons-job-hunti-cv-word-5b38b6a2655a86.6722558215304434264152-1.png 512w, https:\/\/www.gonzalezbueno.com\/wp-content\/uploads\/2022\/01\/kisspng-curriculum-vitae-rsum-computer-icons-job-hunti-cv-word-5b38b6a2655a86.6722558215304434264152-1-300x300.png 300w, https:\/\/www.gonzalezbueno.com\/wp-content\/uploads\/2022\/01\/kisspng-curriculum-vitae-rsum-computer-icons-job-hunti-cv-word-5b38b6a2655a86.6722558215304434264152-1-150x150.png 150w, https:\/\/www.gonzalezbueno.com\/wp-content\/uploads\/2022\/01\/kisspng-curriculum-vitae-rsum-computer-icons-job-hunti-cv-word-5b38b6a2655a86.6722558215304434264152-1-360x360.png 360w, https:\/\/www.gonzalezbueno.com\/wp-content\/uploads\/2022\/01\/kisspng-curriculum-vitae-rsum-computer-icons-job-hunti-cv-word-5b38b6a2655a86.6722558215304434264152-1-250x250.png 250w, https:\/\/www.gonzalezbueno.com\/wp-content\/uploads\/2022\/01\/kisspng-curriculum-vitae-rsum-computer-icons-job-hunti-cv-word-5b38b6a2655a86.6722558215304434264152-1-100x100.png 100w\" alt=\"\" width=\"30\" height=\"30\" \/><\/figure>\n<a class=\"wp-block-buttons alignfull is-content-justification-center\" style=\"border: 0px; color: #1f6a95;\" href=\"https:\/\/www.gonzalezbueno.com\/wp-content\/uploads\/2026\/03\/260303-CV-Carlos-Gonzalez-Bueno-English.pdf\" target=\"_blank\" rel=\"noopener\">Programme d&#8217;&eacute;tudes<\/a><\/div>\n\n\n\n<div class=\"socios-contact-block\">\n\t\t<i class=\"fa fa-envelope\"><\/i>\n\t\t\n<\/div>\n<div class=\"socios-contact-block\">\n\t\t<span><a href=\"mailto:cgb@gonzalezbueno.com\">cgb@gonzalezbueno.com<\/a><\/span>\n\n<span><a href=\"https:\/\/www.gonzalezbueno.com\/wp-content\/uploads\/2022\/06\/Carlos Gonzalez-Bueno.vcf\">vCard<\/a><\/span>\n\t\t\n<\/div>\n<\/div>\n\n\n\n<div class=\"wp-block-column is-layout-flow wp-block-column-is-layout-flow\">\n<p align=\"justify\">Inscrit au Barreau de Madrid depuis 1992, Carlos Gonz\u00e1lez-Bueno est dipl\u00f4m\u00e9 d&#8217;une Ma\u00eetrise en Droit de l&#8217;Universidad Pontificia Comillas (ICADE), Avocat repr\u00e9sentant de l&#8217;Etat espagnol depuis 1994 et Fellow du CIArb depuis 2019.<\/p>\n\n\n\n<p align=\"justify\">Il a \u00e9t\u00e9 directeur g\u00e9n\u00e9ral de l&#8217;Office espagnol des brevets et des marques, ainsi que sous-secr\u00e9taire des minist\u00e8res de l&#8217;industrie et de l&#8217;\u00e9nergie et des sciences et technologies.<\/p>\n\n\n\n<p align=\"justify\">Il intervient r\u00e9guli\u00e8rement en tant qu&#8217;arbitre et conseil dans des proc\u00e9dures devant, entre autres, la CCI, l&#8217;ICDR, le SNA-OSCE, la AAA, la CAM et la CIMA.<\/p>\n\n\n\n<p align=\"justify\">Chambers &#038; Partners le recommande depuis 2013, et le distingue dans la cat\u00e9gories \u00abInternational Arbitration: Most in Demand Arbitrator &#8211; Global Market Leader\u00bb et \u00abMost in Demand Arbitrator &#8211; Spain\u00bb (Band 1). Nomm\u00e9 \u00abThought Leader\u00bb par Le Lexology, Leaders League le reconna\u00eet \u00e9galement comme un des \u00abLeading\u00bb arbitres espagnols.<\/p>\n\n\n\n<p align=\"justify\">Il a \u00e9t\u00e9 professeur d&#8217;arbitrage et d&#8217;argumentation juridique \u00e0 l&#8217;Universidad Pontificia Comillas (ICADE). Il publie r\u00e9guli\u00e8rement des articles sur l&#8217;arbitrage.<\/p>\n\n\n\n<p align=\"justify\">Il travaille r\u00e9guli\u00e8rement en espagnol, en anglais, en allemand, en fran\u00e7ais et en portugais.<\/p>\n<\/div>\n<\/div>\n<\/div><\/div>\n","protected":false},"excerpt":{"rendered":"<p>Programme d&#8217;&eacute;tudes cgb@gonzalezbueno.com vCard Inscrit au Barreau de Madrid depuis 1992, Carlos Gonz\u00e1lez-Bueno est dipl\u00f4m\u00e9 d&#8217;une Ma\u00eetrise en Droit de l&#8217;Universidad Pontificia Comillas (ICADE), Avocat repr\u00e9sentant de l&#8217;Etat espagnol depuis 1994 et Fellow du CIArb depuis 2019. Il a \u00e9t\u00e9 [&hellip;]<\/p>\n","protected":false},"author":1,"featured_media":0,"parent":0,"menu_order":0,"comment_status":"closed","ping_status":"closed","template":"page-templates\/page_fullwidth.php","meta":{"footnotes":""},"class_list":["post-678","page","type-page","status-publish","hentry","clearfix"],"_links":{"self":[{"href":"https:\/\/www.gonzalezbueno.com\/index.php?rest_route=\/wp\/v2\/pages\/678","targetHints":{"allow":["GET"]}}],"collection":[{"href":"https:\/\/www.gonzalezbueno.com\/index.php?rest_route=\/wp\/v2\/pages"}],"about":[{"href":"https:\/\/www.gonzalezbueno.com\/index.php?rest_route=\/wp\/v2\/types\/page"}],"author":[{"embeddable":true,"href":"https:\/\/www.gonzalezbueno.com\/index.php?rest_route=\/wp\/v2\/users\/1"}],"replies":[{"embeddable":true,"href":"https:\/\/www.gonzalezbueno.com\/index.php?rest_route=%2Fwp%2Fv2%2Fcomments&post=678"}],"version-history":[{"count":23,"href":"https:\/\/www.gonzalezbueno.com\/index.php?rest_route=\/wp\/v2\/pages\/678\/revisions"}],"predecessor-version":[{"id":1075,"href":"https:\/\/www.gonzalezbueno.com\/index.php?rest_route=\/wp\/v2\/pages\/678\/revisions\/1075"}],"wp:attachment":[{"href":"https:\/\/www.gonzalezbueno.com\/index.php?rest_route=%2Fwp%2Fv2%2Fmedia&parent=678"}],"curies":[{"name":"wp","href":"https:\/\/api.w.org\/{rel}","templated":true}]}}