{"id":674,"date":"2022-01-08T12:16:43","date_gmt":"2022-01-08T12:16:43","guid":{"rendered":"https:\/\/www.gonzalezbueno.com\/new-web\/?page_id=674"},"modified":"2022-01-08T12:16:44","modified_gmt":"2022-01-08T12:16:44","slug":"propriete-intellectuelle","status":"publish","type":"page","link":"https:\/\/www.gonzalezbueno.com\/?page_id=674","title":{"rendered":"Propri\u00e9t\u00e9 intellectuelle"},"content":{"rendered":"\n<figure class=\"wp-block-image alignfull size-full\"><img loading=\"lazy\" decoding=\"async\" width=\"977\" height=\"215\" src=\"https:\/\/www.gonzalezbueno.com\/wp-content\/uploads\/2021\/12\/propiedad-intelectual.jpeg\" alt=\"\" class=\"wp-image-120\" srcset=\"https:\/\/www.gonzalezbueno.com\/wp-content\/uploads\/2021\/12\/propiedad-intelectual.jpeg 977w, https:\/\/www.gonzalezbueno.com\/wp-content\/uploads\/2021\/12\/propiedad-intelectual-300x66.jpeg 300w, https:\/\/www.gonzalezbueno.com\/wp-content\/uploads\/2021\/12\/propiedad-intelectual-768x169.jpeg 768w, https:\/\/www.gonzalezbueno.com\/wp-content\/uploads\/2021\/12\/propiedad-intelectual-700x154.jpeg 700w, https:\/\/www.gonzalezbueno.com\/wp-content\/uploads\/2021\/12\/propiedad-intelectual-520x114.jpeg 520w, https:\/\/www.gonzalezbueno.com\/wp-content\/uploads\/2021\/12\/propiedad-intelectual-360x79.jpeg 360w, https:\/\/www.gonzalezbueno.com\/wp-content\/uploads\/2021\/12\/propiedad-intelectual-250x55.jpeg 250w, https:\/\/www.gonzalezbueno.com\/wp-content\/uploads\/2021\/12\/propiedad-intelectual-100x22.jpeg 100w\" sizes=\"auto, (max-width: 977px) 100vw, 977px\" \/><\/figure>\n\n\n\n<p align=\"justify\">Le cabinet poss\u00e8de une \u00e9quipe de sp\u00e9cialistes hautement qualifi\u00e9s afin d\u2019offrir une vaste gamme de services dans le domaine de la propri\u00e9t\u00e9 intellectuelle, non seulement sur le plan contractuel, mais \u00e9galement sur le plan des contentieux.<\/p>\n\n\n\n<p align=\"justify\">Ce groupe de professionnels a eu la possibilit\u00e9 d\u2019offrir ses services tant \u00e0 des particuliers qu\u2019\u00e0 des entreprises nationales et internationales, entre autres des producteurs de radio et t\u00e9l\u00e9vision, des \u00e9diteurs, des soci\u00e9t\u00e9s de publicit\u00e9, des producteurs de spectacles, s\u2019attachant toujours \u00e0 la meilleure protection de leurs droits.<\/p>\n\n\n\n<p align=\"justify\">La pratique du Droit des proc\u00e9dures met en \u00e9vidence l\u2019\u00e9troite relation entre le Droit de la propri\u00e9t\u00e9 intellectuelle, le Droit de la propri\u00e9t\u00e9 industrielle et les normes de concurrence d\u00e9loyale. Le fait que le cabinet soit sp\u00e9cialis\u00e9 sur ces trois formes de Droit nous permet d\u2019avoir une vision globale des probl\u00e9matiques et d\u2019offrir \u00e0 nos clients un service de conseil int\u00e9gral.<\/p>\n","protected":false},"excerpt":{"rendered":"<p>Le cabinet poss\u00e8de une \u00e9quipe de sp\u00e9cialistes hautement qualifi\u00e9s afin d\u2019offrir une vaste gamme de services dans le domaine de la propri\u00e9t\u00e9 intellectuelle, non seulement sur le plan contractuel, mais \u00e9galement sur le plan des contentieux. Ce groupe de professionnels [&hellip;]<\/p>\n","protected":false},"author":1,"featured_media":0,"parent":0,"menu_order":0,"comment_status":"closed","ping_status":"closed","template":"page-templates\/page_fullwidth.php","meta":{"footnotes":""},"class_list":["post-674","page","type-page","status-publish","hentry","clearfix"],"_links":{"self":[{"href":"https:\/\/www.gonzalezbueno.com\/index.php?rest_route=\/wp\/v2\/pages\/674","targetHints":{"allow":["GET"]}}],"collection":[{"href":"https:\/\/www.gonzalezbueno.com\/index.php?rest_route=\/wp\/v2\/pages"}],"about":[{"href":"https:\/\/www.gonzalezbueno.com\/index.php?rest_route=\/wp\/v2\/types\/page"}],"author":[{"embeddable":true,"href":"https:\/\/www.gonzalezbueno.com\/index.php?rest_route=\/wp\/v2\/users\/1"}],"replies":[{"embeddable":true,"href":"https:\/\/www.gonzalezbueno.com\/index.php?rest_route=%2Fwp%2Fv2%2Fcomments&post=674"}],"version-history":[{"count":1,"href":"https:\/\/www.gonzalezbueno.com\/index.php?rest_route=\/wp\/v2\/pages\/674\/revisions"}],"predecessor-version":[{"id":675,"href":"https:\/\/www.gonzalezbueno.com\/index.php?rest_route=\/wp\/v2\/pages\/674\/revisions\/675"}],"wp:attachment":[{"href":"https:\/\/www.gonzalezbueno.com\/index.php?rest_route=%2Fwp%2Fv2%2Fmedia&parent=674"}],"curies":[{"name":"wp","href":"https:\/\/api.w.org\/{rel}","templated":true}]}}