{"id":672,"date":"2022-01-08T12:14:31","date_gmt":"2022-01-08T12:14:31","guid":{"rendered":"https:\/\/www.gonzalezbueno.com\/new-web\/?page_id=672"},"modified":"2022-01-08T12:15:33","modified_gmt":"2022-01-08T12:15:33","slug":"marques-dessins","status":"publish","type":"page","link":"https:\/\/www.gonzalezbueno.com\/?page_id=672","title":{"rendered":"Marques &#8211; Dessins"},"content":{"rendered":"\n<figure class=\"wp-block-image alignfull size-full\"><img loading=\"lazy\" decoding=\"async\" width=\"977\" height=\"215\" src=\"https:\/\/www.gonzalezbueno.com\/wp-content\/uploads\/2021\/12\/areas-especializacion.jpeg\" alt=\"\" class=\"wp-image-116\" srcset=\"https:\/\/www.gonzalezbueno.com\/wp-content\/uploads\/2021\/12\/areas-especializacion.jpeg 977w, https:\/\/www.gonzalezbueno.com\/wp-content\/uploads\/2021\/12\/areas-especializacion-300x66.jpeg 300w, https:\/\/www.gonzalezbueno.com\/wp-content\/uploads\/2021\/12\/areas-especializacion-768x169.jpeg 768w, https:\/\/www.gonzalezbueno.com\/wp-content\/uploads\/2021\/12\/areas-especializacion-700x154.jpeg 700w, https:\/\/www.gonzalezbueno.com\/wp-content\/uploads\/2021\/12\/areas-especializacion-520x114.jpeg 520w, https:\/\/www.gonzalezbueno.com\/wp-content\/uploads\/2021\/12\/areas-especializacion-360x79.jpeg 360w, https:\/\/www.gonzalezbueno.com\/wp-content\/uploads\/2021\/12\/areas-especializacion-250x55.jpeg 250w, https:\/\/www.gonzalezbueno.com\/wp-content\/uploads\/2021\/12\/areas-especializacion-100x22.jpeg 100w\" sizes=\"auto, (max-width: 977px) 100vw, 977px\" \/><\/figure>\n\n\n\n<p align=\"justify\">Les avocats du cabinet ont en commun leur sp\u00e9cialisation dans le domaine des marques et autres signes distinctifs. Ils ont exerc\u00e9 leur activit\u00e9 professionnelle principalement dans le domaine de la protection des droits de la propri\u00e9t\u00e9 industrielle. Cette exp\u00e9rience professionnelle a \u00e9t\u00e9 acquise tant dans le secteur priv\u00e9, dans les cabinets espagnols les plus prestigieux, que dans la fonction publique li\u00e9e \u00e0 la propri\u00e9t\u00e9 industrielle.<\/p>\n\n\n\n<p align=\"justify\">Carlos Gonz\u00e1lez-Bueno a occup\u00e9 le poste de Sous-secr\u00e9taire dans deux minist\u00e8res, de l\u2019Industrie et de l\u2019\u00c9nergie et des Sciences et Technologies. Il a en outre \u00e9t\u00e9 Directeur g\u00e9n\u00e9ral de l\u2019Office espagnol des brevets et marques.<\/p>\n\n\n\n<p align=\"justify\">Les associ\u00e9s de Gonz\u00e1lez-Bueno SLP participent activement \u00e0 l\u2019\u00e9tude et la recherche dans le domaine de la propri\u00e9t\u00e9 industrielle, notamment en publiant de nombreux articles et ouvrages. Nous pouvons par exemple citer les Commentaires sur la Loi et le R\u00e8glement des marques, Editorial Civitas (2003) ; les monographies sur les Marques notoires et renomm\u00e9es, Editorial La Ley (2005) ; les Commentaires sur le R\u00e8glement du dessin communautaire, Editorial Kluwer, ainsi que la collaboration p\u00e9riodique avec The Trademark Reporter, \u00e9dit\u00e9e par l\u2019INTA.<\/p>\n\n\n\n<p align=\"justify\">Le cabinet a sign\u00e9 un accord avec l&#8217;OHMI afin de prendre part au \u00abkey user programme\u00bb de cet Office, un statut dont ne b\u00e9n\u00e9ficient que les 250 \u00abclients\u00bb les plus importants de l&#8217;OHMI.<\/p>\n","protected":false},"excerpt":{"rendered":"<p>Les avocats du cabinet ont en commun leur sp\u00e9cialisation dans le domaine des marques et autres signes distinctifs. Ils ont exerc\u00e9 leur activit\u00e9 professionnelle principalement dans le domaine de la protection des droits de la propri\u00e9t\u00e9 industrielle. Cette exp\u00e9rience professionnelle [&hellip;]<\/p>\n","protected":false},"author":1,"featured_media":0,"parent":0,"menu_order":0,"comment_status":"closed","ping_status":"closed","template":"page-templates\/page_fullwidth.php","meta":{"footnotes":""},"class_list":["post-672","page","type-page","status-publish","hentry","clearfix"],"_links":{"self":[{"href":"https:\/\/www.gonzalezbueno.com\/index.php?rest_route=\/wp\/v2\/pages\/672","targetHints":{"allow":["GET"]}}],"collection":[{"href":"https:\/\/www.gonzalezbueno.com\/index.php?rest_route=\/wp\/v2\/pages"}],"about":[{"href":"https:\/\/www.gonzalezbueno.com\/index.php?rest_route=\/wp\/v2\/types\/page"}],"author":[{"embeddable":true,"href":"https:\/\/www.gonzalezbueno.com\/index.php?rest_route=\/wp\/v2\/users\/1"}],"replies":[{"embeddable":true,"href":"https:\/\/www.gonzalezbueno.com\/index.php?rest_route=%2Fwp%2Fv2%2Fcomments&post=672"}],"version-history":[{"count":1,"href":"https:\/\/www.gonzalezbueno.com\/index.php?rest_route=\/wp\/v2\/pages\/672\/revisions"}],"predecessor-version":[{"id":673,"href":"https:\/\/www.gonzalezbueno.com\/index.php?rest_route=\/wp\/v2\/pages\/672\/revisions\/673"}],"wp:attachment":[{"href":"https:\/\/www.gonzalezbueno.com\/index.php?rest_route=%2Fwp%2Fv2%2Fmedia&parent=672"}],"curies":[{"name":"wp","href":"https:\/\/api.w.org\/{rel}","templated":true}]}}