{"id":670,"date":"2022-01-08T12:12:03","date_gmt":"2022-01-08T12:12:03","guid":{"rendered":"https:\/\/www.gonzalezbueno.com\/new-web\/?page_id=670"},"modified":"2022-01-08T12:12:03","modified_gmt":"2022-01-08T12:12:03","slug":"le-cabinet","status":"publish","type":"page","link":"https:\/\/www.gonzalezbueno.com\/?page_id=670","title":{"rendered":"Le cabinet"},"content":{"rendered":"\n<figure class=\"wp-block-image alignfull size-full\"><img loading=\"lazy\" decoding=\"async\" width=\"977\" height=\"215\" src=\"https:\/\/www.gonzalezbueno.com\/wp-content\/uploads\/2021\/12\/quienesSomos.jpeg\" alt=\"\" class=\"wp-image-39\" srcset=\"https:\/\/www.gonzalezbueno.com\/wp-content\/uploads\/2021\/12\/quienesSomos.jpeg 977w, https:\/\/www.gonzalezbueno.com\/wp-content\/uploads\/2021\/12\/quienesSomos-300x66.jpeg 300w, https:\/\/www.gonzalezbueno.com\/wp-content\/uploads\/2021\/12\/quienesSomos-768x169.jpeg 768w\" sizes=\"auto, (max-width: 977px) 100vw, 977px\" \/><\/figure>\n\n\n\n<p align=\"justify\">Gonz\u00e1lez-Bueno SLP est un cabinet d\u2019avocats fond\u00e9 dans le but d\u2019offrir un conseil juridique bas\u00e9 sur l\u2019excellence et hautement sp\u00e9cialis\u00e9 dans ses domaines concrets de comp\u00e9tences.<\/p>\n\n<p align=\"justify\">Les droits et conflits des clients sont g\u00e9r\u00e9s sous la surveillance directe et imm\u00e9diate d\u2019un associ\u00e9, ce qui permet d\u2019\u00e9tablir des rapports tr\u00e8s personnels et offrir un conseil absolument individualis\u00e9.<\/p>\n\n\n\n<p align=\"justify\">Le principal atout de Gonz\u00e1lez-Bueno SLP est la grande exp\u00e9rience et le savoir-faire de premier ordre de ses associ\u00e9s, obtenus tant dans l\u2019exercice de la profession d\u2019avocat que dans la fonction publique.<\/p>\n\n\n\n<p align=\"justify\">Nos clients sont des entreprises de taille moyenne et des grandes entreprises qui d\u00e9ploient leurs activit\u00e9s dans un tr\u00e8s large \u00e9ventail de secteurs. Le caract\u00e8re multinational de la plupart de nos clients est la raison pour laquelle nous offrons nos services aussi bien en espagnol qu\u2019en fran\u00e7ais, anglais et allemand.<\/p>\n","protected":false},"excerpt":{"rendered":"<p>Gonz\u00e1lez-Bueno SLP est un cabinet d\u2019avocats fond\u00e9 dans le but d\u2019offrir un conseil juridique bas\u00e9 sur l\u2019excellence et hautement sp\u00e9cialis\u00e9 dans ses domaines concrets de comp\u00e9tences. Les droits et conflits des clients sont g\u00e9r\u00e9s sous la surveillance directe et imm\u00e9diate [&hellip;]<\/p>\n","protected":false},"author":1,"featured_media":0,"parent":0,"menu_order":0,"comment_status":"closed","ping_status":"closed","template":"page-templates\/page_fullwidth.php","meta":{"footnotes":""},"class_list":["post-670","page","type-page","status-publish","hentry","clearfix"],"_links":{"self":[{"href":"https:\/\/www.gonzalezbueno.com\/index.php?rest_route=\/wp\/v2\/pages\/670","targetHints":{"allow":["GET"]}}],"collection":[{"href":"https:\/\/www.gonzalezbueno.com\/index.php?rest_route=\/wp\/v2\/pages"}],"about":[{"href":"https:\/\/www.gonzalezbueno.com\/index.php?rest_route=\/wp\/v2\/types\/page"}],"author":[{"embeddable":true,"href":"https:\/\/www.gonzalezbueno.com\/index.php?rest_route=\/wp\/v2\/users\/1"}],"replies":[{"embeddable":true,"href":"https:\/\/www.gonzalezbueno.com\/index.php?rest_route=%2Fwp%2Fv2%2Fcomments&post=670"}],"version-history":[{"count":1,"href":"https:\/\/www.gonzalezbueno.com\/index.php?rest_route=\/wp\/v2\/pages\/670\/revisions"}],"predecessor-version":[{"id":671,"href":"https:\/\/www.gonzalezbueno.com\/index.php?rest_route=\/wp\/v2\/pages\/670\/revisions\/671"}],"wp:attachment":[{"href":"https:\/\/www.gonzalezbueno.com\/index.php?rest_route=%2Fwp%2Fv2%2Fmedia&parent=670"}],"curies":[{"name":"wp","href":"https:\/\/api.w.org\/{rel}","templated":true}]}}