{"id":644,"date":"2022-01-08T11:51:55","date_gmt":"2022-01-08T11:51:55","guid":{"rendered":"https:\/\/www.gonzalezbueno.com\/new-web\/?page_id=644"},"modified":"2025-04-11T17:46:43","modified_gmt":"2025-04-11T17:46:43","slug":"pablo-gonzalez-bueno-2","status":"publish","type":"page","link":"https:\/\/www.gonzalezbueno.com\/?page_id=644","title":{"rendered":"Pablo Gonz\u00e1lez-Bueno"},"content":{"rendered":"\n<figure class=\"wp-block-image alignfull size-full\"><img loading=\"lazy\" decoding=\"async\" width=\"977\" height=\"215\" src=\"https:\/\/www.gonzalezbueno.com\/wp-content\/uploads\/2021\/12\/pablo.jpeg\" alt=\"\" class=\"wp-image-179\" srcset=\"https:\/\/www.gonzalezbueno.com\/wp-content\/uploads\/2021\/12\/pablo.jpeg 977w, https:\/\/www.gonzalezbueno.com\/wp-content\/uploads\/2021\/12\/pablo-300x66.jpeg 300w, https:\/\/www.gonzalezbueno.com\/wp-content\/uploads\/2021\/12\/pablo-768x169.jpeg 768w, https:\/\/www.gonzalezbueno.com\/wp-content\/uploads\/2021\/12\/pablo-700x154.jpeg 700w, https:\/\/www.gonzalezbueno.com\/wp-content\/uploads\/2021\/12\/pablo-520x114.jpeg 520w, https:\/\/www.gonzalezbueno.com\/wp-content\/uploads\/2021\/12\/pablo-360x79.jpeg 360w, https:\/\/www.gonzalezbueno.com\/wp-content\/uploads\/2021\/12\/pablo-250x55.jpeg 250w, https:\/\/www.gonzalezbueno.com\/wp-content\/uploads\/2021\/12\/pablo-100x22.jpeg 100w\" sizes=\"auto, (max-width: 977px) 100vw, 977px\" \/><\/figure>\n\n\n\n<div class=\"wp-block-group alignwide\"><div class=\"wp-block-group__inner-container is-layout-flow wp-block-group-is-layout-flow\">\n<div class=\"wp-block-columns is-layout-flex wp-container-core-columns-is-layout-9d6595d7 wp-block-columns-is-layout-flex\">\n<div class=\"wp-block-column is-vertically-aligned-center is-layout-flow wp-block-column-is-layout-flow\" style=\"flex-basis:200px\">\n<div class=\"wp-block-image\"><figure class=\"aligncenter size-full is-resized\"><a href=\"https:\/\/chambers.com\/lawyer\/pablo-gonzalez-bueno-global-2:684515\" target=\"_blank\" rel=\"noopener\"><img loading=\"lazy\" decoding=\"async\" src=\"https:\/\/www.gonzalezbueno.com\/wp-content\/uploads\/2025\/04\/Most-In-Demand-Arbitrators-2025.png\" alt=\"\" class=\"wp-image-311\" width=\"149\" height=\"92\"><\/a><figcaption><a href=\"https:\/\/www.lexology.com\/firms\/1327338\/pablo_gonz_lez_bueno\" target=\"_blank\" rel=\"noopener\"><img decoding=\"async\" src=\"https:\/\/www.gonzalezbueno.com\/wp-content\/uploads\/2025\/04\/lexology.png\" alt=\"\"><\/a><br><\/figcaption><\/figure><\/div>\n\n\n\n<hr class=\"wp-block-separator has-css-opacity alignwide\"\/>\n\n\n\n<div class=\"socios-contact-block\">\n\t\t<i class=\"fa fa-envelope\"><\/i>\n\t\t\n<\/div>\n<div class=\"socios-contact-block\">\n\t\t<span><a href=\"mailto:pgb@gonzalezbueno.com\">pgb@gonzalezbueno.com<\/a><\/span>\n\t\t\n<\/div>\n<\/div>\n\n\n\n<div class=\"wp-block-column is-layout-flow wp-block-column-is-layout-flow\">\n<p align=\"justify\">Mitglied der Madrider Anwaltskammer seit 1987, Master in Gemeinschaftsrecht am Europakolleg (Br\u00fcgge) im Jahr 1988 und LL.M. an der Universit\u00e4t Michigan im Jahr 1990.<\/p>\n\n\n\n<p align=\"justify\">Er hat in den B\u00fcros von Ur\u00eda Men\u00e9ndez in Madrid, Barcelona und New York gearbeitet (1990 &#8211; 1995). Er war Partneranwalt in der Kanzlei Elzaburu (1995 &#8211; 2006), wo er f\u00fcr die Eintragung, den Schutz und die Verteidigung einiger der weltweit bekanntesten Marken sowohl vor Beh\u00f6rden (Spanisches Markenamt und EUIPO) als auch vor den spanischen und den EU-Gerichten verantwortlich war.<\/p>\n\n\n\n<p align=\"justify\">Who&#8217;s Who Legal zeichnet ihn als \u00abGlobal Leader\u00bb in \u00abIP &#8211; Trademarks\u00bb und als \u00abNational Leader\u00bb in \u00abTrademarks\u00bb aus. Er wurde in das Verzeichnis von Chambers &amp; Partners aufgenommen.<\/p>\n\n\n\n<p align=\"justify\">Er arbeitet regelm\u00e4\u00dfig in den Sprachen Spanisch, Englisch, Deutsch und Franz\u00f6sisch.<\/p>\n<\/div>\n<\/div>\n<\/div><\/div>\n\n\n\n<p><\/p>\n","protected":false},"excerpt":{"rendered":"<p>pgb@gonzalezbueno.com Mitglied der Madrider Anwaltskammer seit 1987, Master in Gemeinschaftsrecht am Europakolleg (Br\u00fcgge) im Jahr 1988 und LL.M. an der Universit\u00e4t Michigan im Jahr 1990. Er hat in den B\u00fcros von Ur\u00eda Men\u00e9ndez in Madrid, Barcelona und New York gearbeitet [&hellip;]<\/p>\n","protected":false},"author":1,"featured_media":0,"parent":0,"menu_order":0,"comment_status":"closed","ping_status":"closed","template":"page-templates\/page_fullwidth.php","meta":{"footnotes":""},"class_list":["post-644","page","type-page","status-publish","hentry","clearfix"],"_links":{"self":[{"href":"https:\/\/www.gonzalezbueno.com\/index.php?rest_route=\/wp\/v2\/pages\/644","targetHints":{"allow":["GET"]}}],"collection":[{"href":"https:\/\/www.gonzalezbueno.com\/index.php?rest_route=\/wp\/v2\/pages"}],"about":[{"href":"https:\/\/www.gonzalezbueno.com\/index.php?rest_route=\/wp\/v2\/types\/page"}],"author":[{"embeddable":true,"href":"https:\/\/www.gonzalezbueno.com\/index.php?rest_route=\/wp\/v2\/users\/1"}],"replies":[{"embeddable":true,"href":"https:\/\/www.gonzalezbueno.com\/index.php?rest_route=%2Fwp%2Fv2%2Fcomments&post=644"}],"version-history":[{"count":4,"href":"https:\/\/www.gonzalezbueno.com\/index.php?rest_route=\/wp\/v2\/pages\/644\/revisions"}],"predecessor-version":[{"id":997,"href":"https:\/\/www.gonzalezbueno.com\/index.php?rest_route=\/wp\/v2\/pages\/644\/revisions\/997"}],"wp:attachment":[{"href":"https:\/\/www.gonzalezbueno.com\/index.php?rest_route=%2Fwp%2Fv2%2Fmedia&parent=644"}],"curies":[{"name":"wp","href":"https:\/\/api.w.org\/{rel}","templated":true}]}}