{"id":637,"date":"2022-01-08T11:46:56","date_gmt":"2022-01-08T11:46:56","guid":{"rendered":"https:\/\/www.gonzalezbueno.com\/new-web\/?page_id=637"},"modified":"2022-01-08T11:46:57","modified_gmt":"2022-01-08T11:46:57","slug":"gerichts-und-schiedsverfahren","status":"publish","type":"page","link":"https:\/\/www.gonzalezbueno.com\/?page_id=637","title":{"rendered":"Gerichts- und schiedsverfahren"},"content":{"rendered":"\n<figure class=\"wp-block-image alignfull size-full\"><img loading=\"lazy\" decoding=\"async\" width=\"977\" height=\"215\" src=\"https:\/\/www.gonzalezbueno.com\/wp-content\/uploads\/2021\/12\/procesal.jpeg\" alt=\"\" class=\"wp-image-127\" srcset=\"https:\/\/www.gonzalezbueno.com\/wp-content\/uploads\/2021\/12\/procesal.jpeg 977w, https:\/\/www.gonzalezbueno.com\/wp-content\/uploads\/2021\/12\/procesal-300x66.jpeg 300w, https:\/\/www.gonzalezbueno.com\/wp-content\/uploads\/2021\/12\/procesal-768x169.jpeg 768w, https:\/\/www.gonzalezbueno.com\/wp-content\/uploads\/2021\/12\/procesal-700x154.jpeg 700w, https:\/\/www.gonzalezbueno.com\/wp-content\/uploads\/2021\/12\/procesal-520x114.jpeg 520w, https:\/\/www.gonzalezbueno.com\/wp-content\/uploads\/2021\/12\/procesal-360x79.jpeg 360w, https:\/\/www.gonzalezbueno.com\/wp-content\/uploads\/2021\/12\/procesal-250x55.jpeg 250w, https:\/\/www.gonzalezbueno.com\/wp-content\/uploads\/2021\/12\/procesal-100x22.jpeg 100w\" sizes=\"auto, (max-width: 977px) 100vw, 977px\" \/><\/figure>\n\n\n\n<p align=\"justify\">Die Mitwirkung der Kanzlei Gonz\u00e1lez-Bueno SLP an Gerichts- und Schiedsverfahren basiert auf intensiven Anstrengungen im Bereich der Pr\u00e4vention. Wann immer m\u00f6glich, schlagen wir zur Vermeidung oder Eingrenzung von Kontroversen anstelle des Klageweges die Suche nach Kompromissl\u00f6sungen vor.<\/p>\n\n\n\n<p align=\"justify\">Die Kanzlei ist in Zivil-, Verwaltungsstreit- und Strafprozessen aktiv: in diesen Bereichen verf\u00fcgen wir in allen Verfahrensarten und Instanzen \u00fcber solide Erfahrungen, und zwar selbst in \u00e4u\u00dferst komplexen Beschwerdeverfahren wie beispielsweise Kassationsbeschwerden oder au\u00dferordentlichen Beschwerden wegen Verletzung prozessrechtlicher Bestimmungen.<\/p>\n\n\n\n<p align=\"justify\">Auch auf dem Gebiet der Schiedsverfahren ist die Kanzlei aktiv. Unsere Prozess- und Schiedsabteilung kann auf eine lange Liste von Schiedsverfahren zur\u00fcckblicken (auf nationaler wie auf internationaler Ebene, auf Spanisch oder in anderen Sprachen, vor spanischen, internationalen und weiteren Schiedsorganen). Insbesondere wirken wir als Parteianw\u00e4lte an Wirtschafts- und Investitionsschiedsverfahren im Rahmen von Abkommen zur F\u00f6rderung und zum gegenseitigen Schutz von Investitionen mit. Der verantwortliche Partneranwalt, Carlos Gonz\u00e1lez-Bueno, ist Schlichter einer Vielzahl von nationalen wie internationalen Schiedsgerichtsh\u00f6fen.<\/p>\n","protected":false},"excerpt":{"rendered":"<p>Die Mitwirkung der Kanzlei Gonz\u00e1lez-Bueno SLP an Gerichts- und Schiedsverfahren basiert auf intensiven Anstrengungen im Bereich der Pr\u00e4vention. Wann immer m\u00f6glich, schlagen wir zur Vermeidung oder Eingrenzung von Kontroversen anstelle des Klageweges die Suche nach Kompromissl\u00f6sungen vor. Die Kanzlei ist [&hellip;]<\/p>\n","protected":false},"author":1,"featured_media":0,"parent":0,"menu_order":0,"comment_status":"closed","ping_status":"closed","template":"page-templates\/page_fullwidth.php","meta":{"footnotes":""},"class_list":["post-637","page","type-page","status-publish","hentry","clearfix"],"_links":{"self":[{"href":"https:\/\/www.gonzalezbueno.com\/index.php?rest_route=\/wp\/v2\/pages\/637","targetHints":{"allow":["GET"]}}],"collection":[{"href":"https:\/\/www.gonzalezbueno.com\/index.php?rest_route=\/wp\/v2\/pages"}],"about":[{"href":"https:\/\/www.gonzalezbueno.com\/index.php?rest_route=\/wp\/v2\/types\/page"}],"author":[{"embeddable":true,"href":"https:\/\/www.gonzalezbueno.com\/index.php?rest_route=\/wp\/v2\/users\/1"}],"replies":[{"embeddable":true,"href":"https:\/\/www.gonzalezbueno.com\/index.php?rest_route=%2Fwp%2Fv2%2Fcomments&post=637"}],"version-history":[{"count":1,"href":"https:\/\/www.gonzalezbueno.com\/index.php?rest_route=\/wp\/v2\/pages\/637\/revisions"}],"predecessor-version":[{"id":640,"href":"https:\/\/www.gonzalezbueno.com\/index.php?rest_route=\/wp\/v2\/pages\/637\/revisions\/640"}],"wp:attachment":[{"href":"https:\/\/www.gonzalezbueno.com\/index.php?rest_route=%2Fwp%2Fv2%2Fmedia&parent=637"}],"curies":[{"name":"wp","href":"https:\/\/api.w.org\/{rel}","templated":true}]}}