{"id":631,"date":"2022-01-08T11:39:18","date_gmt":"2022-01-08T11:39:18","guid":{"rendered":"https:\/\/www.gonzalezbueno.com\/new-web\/?page_id=631"},"modified":"2022-01-08T11:39:18","modified_gmt":"2022-01-08T11:39:18","slug":"marken-und-geschmacksmuster","status":"publish","type":"page","link":"https:\/\/www.gonzalezbueno.com\/?page_id=631","title":{"rendered":"Marken und geschmacksmuster"},"content":{"rendered":"\n<figure class=\"wp-block-image alignfull size-full\"><img loading=\"lazy\" decoding=\"async\" width=\"977\" height=\"215\" src=\"https:\/\/www.gonzalezbueno.com\/wp-content\/uploads\/2021\/12\/areas-especializacion.jpeg\" alt=\"\" class=\"wp-image-116\" srcset=\"https:\/\/www.gonzalezbueno.com\/wp-content\/uploads\/2021\/12\/areas-especializacion.jpeg 977w, https:\/\/www.gonzalezbueno.com\/wp-content\/uploads\/2021\/12\/areas-especializacion-300x66.jpeg 300w, https:\/\/www.gonzalezbueno.com\/wp-content\/uploads\/2021\/12\/areas-especializacion-768x169.jpeg 768w, https:\/\/www.gonzalezbueno.com\/wp-content\/uploads\/2021\/12\/areas-especializacion-700x154.jpeg 700w, https:\/\/www.gonzalezbueno.com\/wp-content\/uploads\/2021\/12\/areas-especializacion-520x114.jpeg 520w, https:\/\/www.gonzalezbueno.com\/wp-content\/uploads\/2021\/12\/areas-especializacion-360x79.jpeg 360w, https:\/\/www.gonzalezbueno.com\/wp-content\/uploads\/2021\/12\/areas-especializacion-250x55.jpeg 250w, https:\/\/www.gonzalezbueno.com\/wp-content\/uploads\/2021\/12\/areas-especializacion-100x22.jpeg 100w\" sizes=\"auto, (max-width: 977px) 100vw, 977px\" \/><\/figure>\n\n\n\n<p align=\"justify\">Die Partner der Kanzlei verf\u00fcgen \u00fcber langj\u00e4hrige Erfahrungen auf dem Gebiet des Markenrechts und aller \u00fcbrigen Kennzeichenrechten. S\u00e4mtliche Partneranw\u00e4lte waren fast ausschlie\u00dflich in den Bereichen des gewerblichen Schutzrechts t\u00e4tig und haben im Rahmen ihrer T\u00e4tigkeit nicht nur namhafte spanische Anwaltskanzleien, sondern auch \u00f6ffentliche \u00c4mter im Bereich des gewerblichen Rechtsschutzes durchlaufen.<\/p>\n\n\n\n<p align=\"justify\">So hat Carlos Gonz\u00e1lez-Bueno nicht nur das Amt des Unterstaatssekret\u00e4rs im Ministerium f\u00fcr Industrie und Energie sowie im Ministerium f\u00fcr Wissenschaft bekleidet, sondern er war auch Generaldirektor und Pr\u00e4sident des Spanischen Patent- und Markenamts.<\/p>\n\n\n\n<p align=\"justify\">Au\u00dferdem sind die Partner der Kanzlei Gonz\u00e1lez-Bueno SLP kontinuierlich an Studien- und Forschungsprojekten auf dem Gebiet des gewerblichen Rechtsschutzes beteiligt. Hervorzuheben sind hier die Kommentare zum spanischen Markengesetz und zur Markengesetzverordnung (erschienen 2003 in Editorial Civitas), die Monografien zu notorisch bekannten Marken und renommierten Marken (erschienen 2005 in Editorial La Ley) und zu Gemeinschaftsgeschmacksmustern (erschienen in Editorial Kluwer) sowie ihre regelm\u00e4\u00dfigen Beitr\u00e4ge zu der von der INTA herausgegebenen Fachzeitschrift The Trademark Reporter.<\/p>\n\n\n\n<p align=\"justify\">Die Kanzlei hat mit dem HABM eine Vereinbarung unterzeichnet zur Teilnahme an dem sogenannten \u00abkey user programme\u00bb des Amtes, ein Status, den nur die 250 wichtigsten Kunden des HABM f\u00fcr sich beanspruchen k\u00f6nnen.<\/p>\n","protected":false},"excerpt":{"rendered":"<p>Die Partner der Kanzlei verf\u00fcgen \u00fcber langj\u00e4hrige Erfahrungen auf dem Gebiet des Markenrechts und aller \u00fcbrigen Kennzeichenrechten. S\u00e4mtliche Partneranw\u00e4lte waren fast ausschlie\u00dflich in den Bereichen des gewerblichen Schutzrechts t\u00e4tig und haben im Rahmen ihrer T\u00e4tigkeit nicht nur namhafte spanische Anwaltskanzleien, [&hellip;]<\/p>\n","protected":false},"author":1,"featured_media":0,"parent":0,"menu_order":0,"comment_status":"closed","ping_status":"closed","template":"page-templates\/page_fullwidth.php","meta":{"footnotes":""},"class_list":["post-631","page","type-page","status-publish","hentry","clearfix"],"_links":{"self":[{"href":"https:\/\/www.gonzalezbueno.com\/index.php?rest_route=\/wp\/v2\/pages\/631","targetHints":{"allow":["GET"]}}],"collection":[{"href":"https:\/\/www.gonzalezbueno.com\/index.php?rest_route=\/wp\/v2\/pages"}],"about":[{"href":"https:\/\/www.gonzalezbueno.com\/index.php?rest_route=\/wp\/v2\/types\/page"}],"author":[{"embeddable":true,"href":"https:\/\/www.gonzalezbueno.com\/index.php?rest_route=\/wp\/v2\/users\/1"}],"replies":[{"embeddable":true,"href":"https:\/\/www.gonzalezbueno.com\/index.php?rest_route=%2Fwp%2Fv2%2Fcomments&post=631"}],"version-history":[{"count":1,"href":"https:\/\/www.gonzalezbueno.com\/index.php?rest_route=\/wp\/v2\/pages\/631\/revisions"}],"predecessor-version":[{"id":632,"href":"https:\/\/www.gonzalezbueno.com\/index.php?rest_route=\/wp\/v2\/pages\/631\/revisions\/632"}],"wp:attachment":[{"href":"https:\/\/www.gonzalezbueno.com\/index.php?rest_route=%2Fwp%2Fv2%2Fmedia&parent=631"}],"curies":[{"name":"wp","href":"https:\/\/api.w.org\/{rel}","templated":true}]}}