{"id":126,"date":"2021-12-21T23:12:01","date_gmt":"2021-12-21T23:12:01","guid":{"rendered":"https:\/\/www.gonzalezbueno.com\/new-web\/?page_id=126"},"modified":"2021-12-29T20:38:16","modified_gmt":"2021-12-29T20:38:16","slug":"procesal-arbitraje","status":"publish","type":"page","link":"https:\/\/www.gonzalezbueno.com\/?page_id=126","title":{"rendered":"Procesal &#8211; Arbitraje"},"content":{"rendered":"\n<figure class=\"wp-block-image alignfull size-full\"><img loading=\"lazy\" decoding=\"async\" width=\"977\" height=\"215\" src=\"https:\/\/www.gonzalezbueno.com\/wp-content\/uploads\/2021\/12\/procesal.jpeg\" alt=\"\" class=\"wp-image-127\" srcset=\"https:\/\/www.gonzalezbueno.com\/wp-content\/uploads\/2021\/12\/procesal.jpeg 977w, https:\/\/www.gonzalezbueno.com\/wp-content\/uploads\/2021\/12\/procesal-300x66.jpeg 300w, https:\/\/www.gonzalezbueno.com\/wp-content\/uploads\/2021\/12\/procesal-768x169.jpeg 768w, https:\/\/www.gonzalezbueno.com\/wp-content\/uploads\/2021\/12\/procesal-700x154.jpeg 700w, https:\/\/www.gonzalezbueno.com\/wp-content\/uploads\/2021\/12\/procesal-520x114.jpeg 520w, https:\/\/www.gonzalezbueno.com\/wp-content\/uploads\/2021\/12\/procesal-360x79.jpeg 360w, https:\/\/www.gonzalezbueno.com\/wp-content\/uploads\/2021\/12\/procesal-250x55.jpeg 250w, https:\/\/www.gonzalezbueno.com\/wp-content\/uploads\/2021\/12\/procesal-100x22.jpeg 100w\" sizes=\"auto, (max-width: 977px) 100vw, 977px\" \/><\/figure>\n\n\n\n<p align=\"justify\">La pr\u00e1ctica procesal y arbitral de Gonz\u00e1lez-Bueno SLP parte de una intensa actividad preventiva. Siempre que sea posible, sugerimos la b\u00fasqueda de soluciones transaccionales que permitan evitar o delimitar las controversias.<br>Actuamos ante los \u00f3rdenes jurisdiccionales civil, contencioso-administrativo y penal. En ellos, tenemos una s\u00f3lida pr\u00e1ctica en todo tipo de procedimientos e instancias, incluidos los recursos m\u00e1s complejos, con una ampl\u00edsima experiencia, por ejemplo, en los recursos de casaci\u00f3n y extraordinarios por infracci\u00f3n procesal.<\/p>\n\n\n\n<p align=\"justify\">Somos muy activos igualmente en el campo del arbitraje. El departamento tiene una amplia cartera de arbitrajes (nacionales e internacionales, tramitados en espa\u00f1ol o en otros idiomas, en Cortes espa\u00f1olas o internacionales, etc.). En particular, actuamos como representaci\u00f3n letrada tanto de arbitrajes comerciales como de inversi\u00f3n al amparo de Acuerdos de Promoci\u00f3n y Protecci\u00f3n Rec\u00edproca de Inversiones. Ello se debe a que el Socio responsable, Carlos Gonz\u00e1lez-Bueno, es \u00e1rbitro de muchas de las m\u00e1s importantes cortes nacionales e internacionales de arbitraje.<\/p>\n","protected":false},"excerpt":{"rendered":"<p>La pr\u00e1ctica procesal y arbitral de Gonz\u00e1lez-Bueno SLP parte de una intensa actividad preventiva. Siempre que sea posible, sugerimos la b\u00fasqueda de soluciones transaccionales que permitan evitar o delimitar las controversias.Actuamos ante los \u00f3rdenes jurisdiccionales civil, contencioso-administrativo y penal. En [&hellip;]<\/p>\n","protected":false},"author":1,"featured_media":0,"parent":0,"menu_order":0,"comment_status":"closed","ping_status":"closed","template":"page-templates\/page_fullwidth.php","meta":{"footnotes":""},"class_list":["post-126","page","type-page","status-publish","hentry","clearfix"],"_links":{"self":[{"href":"https:\/\/www.gonzalezbueno.com\/index.php?rest_route=\/wp\/v2\/pages\/126","targetHints":{"allow":["GET"]}}],"collection":[{"href":"https:\/\/www.gonzalezbueno.com\/index.php?rest_route=\/wp\/v2\/pages"}],"about":[{"href":"https:\/\/www.gonzalezbueno.com\/index.php?rest_route=\/wp\/v2\/types\/page"}],"author":[{"embeddable":true,"href":"https:\/\/www.gonzalezbueno.com\/index.php?rest_route=\/wp\/v2\/users\/1"}],"replies":[{"embeddable":true,"href":"https:\/\/www.gonzalezbueno.com\/index.php?rest_route=%2Fwp%2Fv2%2Fcomments&post=126"}],"version-history":[{"count":7,"href":"https:\/\/www.gonzalezbueno.com\/index.php?rest_route=\/wp\/v2\/pages\/126\/revisions"}],"predecessor-version":[{"id":639,"href":"https:\/\/www.gonzalezbueno.com\/index.php?rest_route=\/wp\/v2\/pages\/126\/revisions\/639"}],"wp:attachment":[{"href":"https:\/\/www.gonzalezbueno.com\/index.php?rest_route=%2Fwp%2Fv2%2Fmedia&parent=126"}],"curies":[{"name":"wp","href":"https:\/\/api.w.org\/{rel}","templated":true}]}}