{"id":115,"date":"2021-12-21T23:00:05","date_gmt":"2021-12-21T23:00:05","guid":{"rendered":"https:\/\/www.gonzalezbueno.com\/new-web\/?page_id=115"},"modified":"2025-04-11T18:06:05","modified_gmt":"2025-04-11T18:06:05","slug":"marcas-disenos","status":"publish","type":"page","link":"https:\/\/www.gonzalezbueno.com\/?page_id=115","title":{"rendered":"Marcas &#8211; Dise\u00f1os"},"content":{"rendered":"\n<figure class=\"wp-block-image alignfull size-full\"><img loading=\"lazy\" decoding=\"async\" width=\"977\" height=\"215\" src=\"https:\/\/www.gonzalezbueno.com\/wp-content\/uploads\/2021\/12\/areas-especializacion.jpeg\" alt=\"\" class=\"wp-image-116\" srcset=\"https:\/\/www.gonzalezbueno.com\/wp-content\/uploads\/2021\/12\/areas-especializacion.jpeg 977w, https:\/\/www.gonzalezbueno.com\/wp-content\/uploads\/2021\/12\/areas-especializacion-300x66.jpeg 300w, https:\/\/www.gonzalezbueno.com\/wp-content\/uploads\/2021\/12\/areas-especializacion-768x169.jpeg 768w, https:\/\/www.gonzalezbueno.com\/wp-content\/uploads\/2021\/12\/areas-especializacion-700x154.jpeg 700w, https:\/\/www.gonzalezbueno.com\/wp-content\/uploads\/2021\/12\/areas-especializacion-520x114.jpeg 520w, https:\/\/www.gonzalezbueno.com\/wp-content\/uploads\/2021\/12\/areas-especializacion-360x79.jpeg 360w, https:\/\/www.gonzalezbueno.com\/wp-content\/uploads\/2021\/12\/areas-especializacion-250x55.jpeg 250w, https:\/\/www.gonzalezbueno.com\/wp-content\/uploads\/2021\/12\/areas-especializacion-100x22.jpeg 100w\" sizes=\"auto, (max-width: 977px) 100vw, 977px\" \/><\/figure>\n\n\n\n<p align=\"justify\">Los miembros de la Firma acumulan una amplia experiencia en el \u00e1mbito de las marcas y otros signos distintivos. Los socios han dedicado pr\u00e1cticamente todas sus vidas profesionales a la protecci\u00f3n de estos derechos de Propiedad Industrial, tanto desde el ejercicio privado de la abogac\u00eda en las m\u00e1s prestigiosas Firmas espa\u00f1olas, como desde el desempe\u00f1o de cargos p\u00fablicos ligados a la Propiedad Industrial.<\/p>\n\n\n\n<p align=\"justify\">Carlos Gonz\u00e1lez-Bueno no s\u00f3lo ha ocupado el cargo de Subsecretario en los Ministerios de Industria y Energ\u00eda y de Ciencia y Tecnolog\u00eda, sino que tambi\u00e9n ha sido Director General de la Oficina Espa\u00f1ola de Patentes y Marcas.<\/p>\n\n\n\n<p align=\"justify\">Los socios de Gonz\u00e1lez-Bueno SLP han realizado una labor permanente de estudio e investigaci\u00f3n en el campo de la Propiedad Industrial. Destacan los Comentarios a la Ley y al Reglamento de Marcas, Editorial Civitas (2003), los monogr\u00e1ficos sobre Marcas Notorias y Renombradas, Editorial La Ley (2005) y sobre Dise\u00f1os Comunitarios, Editorial Kluwer, as\u00ed como la contribuci\u00f3n peri\u00f3dica a The Trademark Reporter, editado por la INTA.<\/p>\n\n\n\n<p align=\"justify\">El despacho ha firmado un acuerdo con la EUIPO para formar parte del \u00abkey user programme\u00bb de la Oficina, un status del que s\u00f3lo se benefician los 250 \u00abclientes\u00bb m\u00e1s importantes de la EUIPO.<\/p>\n\n\n\n<p><\/p>\n","protected":false},"excerpt":{"rendered":"<p>Los miembros de la Firma acumulan una amplia experiencia en el \u00e1mbito de las marcas y otros signos distintivos. Los socios han dedicado pr\u00e1cticamente todas sus vidas profesionales a la protecci\u00f3n de estos derechos de Propiedad Industrial, tanto desde el [&hellip;]<\/p>\n","protected":false},"author":1,"featured_media":0,"parent":0,"menu_order":0,"comment_status":"closed","ping_status":"closed","template":"page-templates\/page_fullwidth.php","meta":{"footnotes":""},"class_list":["post-115","page","type-page","status-publish","hentry","clearfix"],"_links":{"self":[{"href":"https:\/\/www.gonzalezbueno.com\/index.php?rest_route=\/wp\/v2\/pages\/115","targetHints":{"allow":["GET"]}}],"collection":[{"href":"https:\/\/www.gonzalezbueno.com\/index.php?rest_route=\/wp\/v2\/pages"}],"about":[{"href":"https:\/\/www.gonzalezbueno.com\/index.php?rest_route=\/wp\/v2\/types\/page"}],"author":[{"embeddable":true,"href":"https:\/\/www.gonzalezbueno.com\/index.php?rest_route=\/wp\/v2\/users\/1"}],"replies":[{"embeddable":true,"href":"https:\/\/www.gonzalezbueno.com\/index.php?rest_route=%2Fwp%2Fv2%2Fcomments&post=115"}],"version-history":[{"count":5,"href":"https:\/\/www.gonzalezbueno.com\/index.php?rest_route=\/wp\/v2\/pages\/115\/revisions"}],"predecessor-version":[{"id":1011,"href":"https:\/\/www.gonzalezbueno.com\/index.php?rest_route=\/wp\/v2\/pages\/115\/revisions\/1011"}],"wp:attachment":[{"href":"https:\/\/www.gonzalezbueno.com\/index.php?rest_route=%2Fwp%2Fv2%2Fmedia&parent=115"}],"curies":[{"name":"wp","href":"https:\/\/api.w.org\/{rel}","templated":true}]}}